{"id":1030,"date":"2025-05-15T00:46:29","date_gmt":"2025-05-15T03:46:29","guid":{"rendered":"https:\/\/www.encontrosabm.com.br\/2025\/?page_id=1030"},"modified":"2025-05-28T13:19:55","modified_gmt":"2025-05-28T16:19:55","slug":"producoes","status":"publish","type":"page","link":"https:\/\/www.encontrosabm.com.br\/2025\/producoes\/","title":{"rendered":"Produ\u00e7\u00f5es"},"content":{"rendered":"\t\t<div data-elementor-type=\"wp-page\" data-elementor-id=\"1030\" class=\"elementor elementor-1030\" data-elementor-post-type=\"page\">\n\t\t\t\t<div class=\"elementor-element elementor-element-a7f7424 e-flex e-con-boxed e-con e-parent\" data-id=\"a7f7424\" data-element_type=\"container\" data-e-type=\"container\">\n\t\t\t\t\t<div class=\"e-con-inner\">\n\t\t\t\t<div class=\"elementor-element elementor-element-c37101e elementor-widget elementor-widget-heading\" data-id=\"c37101e\" data-element_type=\"widget\" data-e-type=\"widget\" data-widget_type=\"heading.default\">\n\t\t\t\t<div class=\"elementor-widget-container\">\n\t\t\t\t\t<h2 class=\"elementor-heading-title elementor-size-default\">\ud83c\udf9f\ufe0f PRODU\u00c7\u00d5ES III ABM 2025<\/h2>\t\t\t\t<\/div>\n\t\t\t\t<\/div>\n\t\t\t\t\t<\/div>\n\t\t\t\t<\/div>\n\t\t<div class=\"elementor-element elementor-element-f07ac44 e-flex e-con-boxed e-con e-parent\" data-id=\"f07ac44\" data-element_type=\"container\" data-e-type=\"container\">\n\t\t\t\t\t<div class=\"e-con-inner\">\n\t\t<div class=\"elementor-element elementor-element-6e54ad3 e-con-full e-flex e-con e-child\" data-id=\"6e54ad3\" data-element_type=\"container\" data-e-type=\"container\">\n\t\t\t\t<div class=\"elementor-element elementor-element-4fe38d6 elementor-widget elementor-widget-text-editor\" data-id=\"4fe38d6\" data-element_type=\"widget\" data-e-type=\"widget\" data-widget_type=\"text-editor.default\">\n\t\t\t\t<div class=\"elementor-widget-container\">\n\t\t\t\t\t\t\t\t\t<p><strong>O ABM de 2011, deixou como legado o livro contendo textos das palestras apresentadas, possibilitando a divulga\u00e7\u00e3o das produ\u00e7\u00f5es e a visibilidade do Encontro: <\/strong><\/p>\t\t\t\t\t\t\t\t<\/div>\n\t\t\t\t<\/div>\n\t\t\t\t<\/div>\n\t\t<div class=\"elementor-element elementor-element-9a37f60 e-con-full e-flex e-con e-child\" data-id=\"9a37f60\" data-element_type=\"container\" data-e-type=\"container\">\n\t\t\t\t<div class=\"elementor-element elementor-element-438877a elementor-widget__width-initial elementor-widget elementor-widget-image\" data-id=\"438877a\" data-element_type=\"widget\" data-e-type=\"widget\" data-widget_type=\"image.default\">\n\t\t\t\t<div class=\"elementor-widget-container\">\n\t\t\t\t\t\t\t\t\t\t\t\t\t\t\t\t<a href=\"https:\/\/repositorio.ufba.br\/handle\/ri\/16811\" target=\"_blank\">\n\t\t\t\t\t\t\t<img fetchpriority=\"high\" decoding=\"async\" width=\"240\" height=\"300\" src=\"https:\/\/www.encontrosabm.com.br\/2025\/wp-content\/uploads\/2025\/05\/lIVRO2-240x300.webp\" class=\"attachment-medium size-medium wp-image-1618\" alt=\"\" srcset=\"https:\/\/www.encontrosabm.com.br\/2025\/wp-content\/uploads\/2025\/05\/lIVRO2-240x300.webp 240w, https:\/\/www.encontrosabm.com.br\/2025\/wp-content\/uploads\/2025\/05\/lIVRO2-768x960.webp 768w, https:\/\/www.encontrosabm.com.br\/2025\/wp-content\/uploads\/2025\/05\/lIVRO2.webp 800w\" sizes=\"(max-width: 240px) 100vw, 240px\" \/>\t\t\t\t\t\t\t\t<\/a>\n\t\t\t\t\t\t\t\t\t\t\t\t\t\t\t<\/div>\n\t\t\t\t<\/div>\n\t\t\t\t<div class=\"elementor-element elementor-element-1fb3d24 elementor-widget__width-initial elementor-widget elementor-widget-heading\" data-id=\"1fb3d24\" data-element_type=\"widget\" data-e-type=\"widget\" data-widget_type=\"heading.default\">\n\t\t\t\t<div class=\"elementor-widget-container\">\n\t\t\t\t\t<h2 class=\"elementor-heading-title elementor-size-default\">Arquivos, bibliotecas e museus: realidades de Portugal e Brasil (Zeny Duarte)<\/h2>\t\t\t\t<\/div>\n\t\t\t\t<\/div>\n\t\t\t\t<\/div>\n\t\t\t\t\t<\/div>\n\t\t\t\t<\/div>\n\t\t<div class=\"elementor-element elementor-element-779bfa8 e-flex e-con-boxed e-con e-parent\" data-id=\"779bfa8\" data-element_type=\"container\" data-e-type=\"container\">\n\t\t\t\t\t<div class=\"e-con-inner\">\n\t\t<div class=\"elementor-element elementor-element-fe5180b e-con-full e-flex e-con e-child\" data-id=\"fe5180b\" data-element_type=\"container\" data-e-type=\"container\">\n\t\t\t\t<div class=\"elementor-element elementor-element-a642aa5 elementor-widget elementor-widget-text-editor\" data-id=\"a642aa5\" data-element_type=\"widget\" data-e-type=\"widget\" data-widget_type=\"text-editor.default\">\n\t\t\t\t<div class=\"elementor-widget-container\">\n\t\t\t\t\t\t\t\t\t<p><strong>Em 2022 foi realizada a segunda edi\u00e7\u00e3o do ABM que tamb\u00e9m resultou em publica\u00e7\u00f5es cient\u00edficas de tr\u00eas livros e uma revista com edi\u00e7\u00e3o especial que disseminaram as discuss\u00f5es realizadas, garantindo que o conhecimento gerado no evento fosse compartilhado amplamente com a comunidade acad\u00eamica e profissional: <\/strong><\/p><p><strong>Dois livros publicados pela Editora Portuguesa CITCEM\/FCT: <\/strong><\/p>\t\t\t\t\t\t\t\t<\/div>\n\t\t\t\t<\/div>\n\t\t\t\t<\/div>\n\t\t<div class=\"elementor-element elementor-element-aef5444 e-con-full e-flex e-con e-child\" data-id=\"aef5444\" data-element_type=\"container\" data-e-type=\"container\">\n\t\t\t\t<div class=\"elementor-element elementor-element-46c2546 elementor-widget elementor-widget-image\" data-id=\"46c2546\" data-element_type=\"widget\" data-e-type=\"widget\" data-widget_type=\"image.default\">\n\t\t\t\t<div class=\"elementor-widget-container\">\n\t\t\t\t\t\t\t\t\t\t\t\t\t\t\t\t<a href=\"https:\/\/ler.letras.up.pt\/uploads\/ficheiros\/19812.pdf\" target=\"_blank\">\n\t\t\t\t\t\t\t<img decoding=\"async\" width=\"603\" height=\"839\" src=\"https:\/\/www.encontrosabm.com.br\/2025\/wp-content\/uploads\/2025\/05\/livro-2.png\" class=\"attachment-large size-large wp-image-240\" alt=\"\" srcset=\"https:\/\/www.encontrosabm.com.br\/2025\/wp-content\/uploads\/2025\/05\/livro-2.png 603w, https:\/\/www.encontrosabm.com.br\/2025\/wp-content\/uploads\/2025\/05\/livro-2-216x300.png 216w\" sizes=\"(max-width: 603px) 100vw, 603px\" \/>\t\t\t\t\t\t\t\t<\/a>\n\t\t\t\t\t\t\t\t\t\t\t\t\t\t\t<\/div>\n\t\t\t\t<\/div>\n\t\t\t\t<div class=\"elementor-element elementor-element-7944301 elementor-widget elementor-widget-heading\" data-id=\"7944301\" data-element_type=\"widget\" data-e-type=\"widget\" data-widget_type=\"heading.default\">\n\t\t\t\t<div class=\"elementor-widget-container\">\n\t\t\t\t\t<h2 class=\"elementor-heading-title elementor-size-default\">O futuro digital em institui\u00e7\u00f5es de informa\u00e7\u00e3o e cultura (Zeny Duarte; Elisa Cerveira)<\/h2>\t\t\t\t<\/div>\n\t\t\t\t<\/div>\n\t\t\t\t<\/div>\n\t\t<div class=\"elementor-element elementor-element-33fac8c e-con-full e-flex e-con e-child\" data-id=\"33fac8c\" data-element_type=\"container\" data-e-type=\"container\">\n\t\t\t\t<div class=\"elementor-element elementor-element-ad29677 elementor-widget elementor-widget-image\" data-id=\"ad29677\" data-element_type=\"widget\" data-e-type=\"widget\" data-widget_type=\"image.default\">\n\t\t\t\t<div class=\"elementor-widget-container\">\n\t\t\t\t\t\t\t\t\t\t\t\t\t\t\t\t<a href=\"https:\/\/ler.letras.up.pt\/uploads\/ficheiros\/19810.pdf\" target=\"_blank\">\n\t\t\t\t\t\t\t<img decoding=\"async\" width=\"617\" height=\"873\" src=\"https:\/\/www.encontrosabm.com.br\/2025\/wp-content\/uploads\/2025\/05\/livro.webp\" class=\"attachment-large size-large wp-image-233\" alt=\"\" srcset=\"https:\/\/www.encontrosabm.com.br\/2025\/wp-content\/uploads\/2025\/05\/livro.webp 617w, https:\/\/www.encontrosabm.com.br\/2025\/wp-content\/uploads\/2025\/05\/livro-212x300.webp 212w\" sizes=\"(max-width: 617px) 100vw, 617px\" \/>\t\t\t\t\t\t\t\t<\/a>\n\t\t\t\t\t\t\t\t\t\t\t\t\t\t\t<\/div>\n\t\t\t\t<\/div>\n\t\t\t\t<div class=\"elementor-element elementor-element-2cd09a7 elementor-widget elementor-widget-heading\" data-id=\"2cd09a7\" data-element_type=\"widget\" data-e-type=\"widget\" data-widget_type=\"heading.default\">\n\t\t\t\t<div class=\"elementor-widget-container\">\n\t\t\t\t\t<h2 class=\"elementor-heading-title elementor-size-default\">Integra\u00e7\u00e3o e converg\u00eancia das institui\u00e7\u00f5es de informa\u00e7\u00e3o e cultura (Elisa Cerveira; Zeny Duarte)<\/h2>\t\t\t\t<\/div>\n\t\t\t\t<\/div>\n\t\t\t\t<\/div>\n\t\t<div class=\"elementor-element elementor-element-184f450 e-con-full e-flex e-con e-child\" data-id=\"184f450\" data-element_type=\"container\" data-e-type=\"container\">\n\t\t\t\t<div class=\"elementor-element elementor-element-f997ab2 elementor-widget elementor-widget-image\" data-id=\"f997ab2\" data-element_type=\"widget\" data-e-type=\"widget\" data-widget_type=\"image.default\">\n\t\t\t\t<div class=\"elementor-widget-container\">\n\t\t\t\t\t\t\t\t\t\t\t\t\t\t\t\t<a href=\"https:\/\/editoraci.com.br\/index.php\/home\/catalog\/view\/39\/43\/153\" target=\"_blank\">\n\t\t\t\t\t\t\t<img loading=\"lazy\" decoding=\"async\" width=\"800\" height=\"1000\" src=\"https:\/\/www.encontrosabm.com.br\/2025\/wp-content\/uploads\/2025\/05\/livro-rosa-819x1024.webp\" class=\"attachment-large size-large wp-image-1158\" alt=\"\" srcset=\"https:\/\/www.encontrosabm.com.br\/2025\/wp-content\/uploads\/2025\/05\/livro-rosa-819x1024.webp 819w, https:\/\/www.encontrosabm.com.br\/2025\/wp-content\/uploads\/2025\/05\/livro-rosa-240x300.webp 240w, https:\/\/www.encontrosabm.com.br\/2025\/wp-content\/uploads\/2025\/05\/livro-rosa-768x960.webp 768w, https:\/\/www.encontrosabm.com.br\/2025\/wp-content\/uploads\/2025\/05\/livro-rosa.webp 1080w\" sizes=\"(max-width: 800px) 100vw, 800px\" \/>\t\t\t\t\t\t\t\t<\/a>\n\t\t\t\t\t\t\t\t\t\t\t\t\t\t\t<\/div>\n\t\t\t\t<\/div>\n\t\t\t\t<div class=\"elementor-element elementor-element-e26923f elementor-widget elementor-widget-text-editor\" data-id=\"e26923f\" data-element_type=\"widget\" data-e-type=\"widget\" data-widget_type=\"text-editor.default\">\n\t\t\t\t<div class=\"elementor-widget-container\">\n\t\t\t\t\t\t\t\t\t<p><strong>Livro publicado pela Editora Brasileira Cultura &amp; Informa\u00e7\u00e3o: <\/strong><\/p>\t\t\t\t\t\t\t\t<\/div>\n\t\t\t\t<\/div>\n\t\t\t\t<div class=\"elementor-element elementor-element-7db381f elementor-widget elementor-widget-heading\" data-id=\"7db381f\" data-element_type=\"widget\" data-e-type=\"widget\" data-widget_type=\"heading.default\">\n\t\t\t\t<div class=\"elementor-widget-container\">\n\t\t\t\t\t<h2 class=\"elementor-heading-title elementor-size-default\">Di\u00e1logos interdisciplinares perspectivas integradoras de unidades de informa\u00e7\u00e3o, documenta\u00e7\u00e3o e cultura (Zeny Duarte; Jos\u00e9 Carlos Sales; Salim Silva Souza).<\/h2>\t\t\t\t<\/div>\n\t\t\t\t<\/div>\n\t\t\t\t<\/div>\n\t\t\t\t\t<\/div>\n\t\t\t\t<\/div>\n\t\t<div class=\"elementor-element elementor-element-78f4f42 e-flex e-con-boxed e-con e-parent\" data-id=\"78f4f42\" data-element_type=\"container\" data-e-type=\"container\">\n\t\t\t\t\t<div class=\"e-con-inner\">\n\t\t<div class=\"elementor-element elementor-element-5b7c968 e-con-full e-flex e-con e-child\" data-id=\"5b7c968\" data-element_type=\"container\" data-e-type=\"container\">\n\t\t\t\t<div class=\"elementor-element elementor-element-6f8ba69 elementor-widget elementor-widget-text-editor\" data-id=\"6f8ba69\" data-element_type=\"widget\" data-e-type=\"widget\" data-widget_type=\"text-editor.default\">\n\t\t\t\t<div class=\"elementor-widget-container\">\n\t\t\t\t\t\t\t\t\t<p><strong>Revista Fontes Documentais &#8211; Ed. Especial II ABM (2022) &#8211; ISSN: 2595-9778. As publica\u00e7\u00f5es de livros e artigos em revistas cient\u00edficas<\/strong><\/p>\t\t\t\t\t\t\t\t<\/div>\n\t\t\t\t<\/div>\n\t\t\t\t<\/div>\n\t\t<div class=\"elementor-element elementor-element-56f9acc e-con-full e-flex e-con e-child\" data-id=\"56f9acc\" data-element_type=\"container\" data-e-type=\"container\">\n\t\t\t\t<div class=\"elementor-element elementor-element-30c7cc1 elementor-widget elementor-widget-image\" data-id=\"30c7cc1\" data-element_type=\"widget\" data-e-type=\"widget\" data-widget_type=\"image.default\">\n\t\t\t\t<div class=\"elementor-widget-container\">\n\t\t\t\t\t\t\t\t\t\t\t\t\t\t\t\t<a href=\"https:\/\/citcem.org\/publicacoes\/revista-fontes-documentais-ed-especial-ii-abm-2022\/\" target=\"_blank\">\n\t\t\t\t\t\t\t<img loading=\"lazy\" decoding=\"async\" width=\"800\" height=\"1000\" src=\"https:\/\/www.encontrosabm.com.br\/2025\/wp-content\/uploads\/2025\/05\/fontes-documentais-819x1024.webp\" class=\"attachment-large size-large wp-image-1168\" alt=\"\" srcset=\"https:\/\/www.encontrosabm.com.br\/2025\/wp-content\/uploads\/2025\/05\/fontes-documentais-819x1024.webp 819w, https:\/\/www.encontrosabm.com.br\/2025\/wp-content\/uploads\/2025\/05\/fontes-documentais-240x300.webp 240w, https:\/\/www.encontrosabm.com.br\/2025\/wp-content\/uploads\/2025\/05\/fontes-documentais-768x960.webp 768w, https:\/\/www.encontrosabm.com.br\/2025\/wp-content\/uploads\/2025\/05\/fontes-documentais.webp 1080w\" sizes=\"(max-width: 800px) 100vw, 800px\" \/>\t\t\t\t\t\t\t\t<\/a>\n\t\t\t\t\t\t\t\t\t\t\t\t\t\t\t<\/div>\n\t\t\t\t<\/div>\n\t\t\t\t<\/div>\n\t\t\t\t\t<\/div>\n\t\t\t\t<\/div>\n\t\t\t\t<\/div>\n\t\t","protected":false},"excerpt":{"rendered":"<p>\ud83c\udf9f\ufe0f PRODU\u00c7\u00d5ES III ABM 2025 O ABM de 2011, deixou como legado o livro contendo textos das palestras apresentadas, possibilitando a divulga\u00e7\u00e3o das produ\u00e7\u00f5es e a visibilidade do Encontro: Arquivos, bibliotecas e museus: realidades de Portugal e Brasil (Zeny Duarte) Em 2022 foi realizada a segunda edi\u00e7\u00e3o do ABM que tamb\u00e9m resultou em publica\u00e7\u00f5es cient\u00edficas [&hellip;]<\/p>\n","protected":false},"author":3,"featured_media":0,"parent":0,"menu_order":0,"comment_status":"closed","ping_status":"closed","template":"elementor_header_footer","meta":{"footnotes":""},"class_list":["post-1030","page","type-page","status-publish","hentry"],"_links":{"self":[{"href":"https:\/\/www.encontrosabm.com.br\/2025\/wp-json\/wp\/v2\/pages\/1030","targetHints":{"allow":["GET"]}}],"collection":[{"href":"https:\/\/www.encontrosabm.com.br\/2025\/wp-json\/wp\/v2\/pages"}],"about":[{"href":"https:\/\/www.encontrosabm.com.br\/2025\/wp-json\/wp\/v2\/types\/page"}],"author":[{"embeddable":true,"href":"https:\/\/www.encontrosabm.com.br\/2025\/wp-json\/wp\/v2\/users\/3"}],"replies":[{"embeddable":true,"href":"https:\/\/www.encontrosabm.com.br\/2025\/wp-json\/wp\/v2\/comments?post=1030"}],"version-history":[{"count":157,"href":"https:\/\/www.encontrosabm.com.br\/2025\/wp-json\/wp\/v2\/pages\/1030\/revisions"}],"predecessor-version":[{"id":2019,"href":"https:\/\/www.encontrosabm.com.br\/2025\/wp-json\/wp\/v2\/pages\/1030\/revisions\/2019"}],"wp:attachment":[{"href":"https:\/\/www.encontrosabm.com.br\/2025\/wp-json\/wp\/v2\/media?parent=1030"}],"curies":[{"name":"wp","href":"https:\/\/api.w.org\/{rel}","templated":true}]}}