{"id":2085,"date":"2025-06-29T01:55:13","date_gmt":"2025-06-29T04:55:13","guid":{"rendered":"https:\/\/www.encontrosabm.com.br\/2025\/?page_id=2085"},"modified":"2025-06-29T02:12:01","modified_gmt":"2025-06-29T05:12:01","slug":"turismo-2","status":"publish","type":"page","link":"https:\/\/www.encontrosabm.com.br\/2025\/turismo-2\/","title":{"rendered":"Turismo"},"content":{"rendered":"\t\t<div data-elementor-type=\"wp-page\" data-elementor-id=\"2085\" class=\"elementor elementor-2085\" data-elementor-post-type=\"page\">\n\t\t\t\t<div class=\"elementor-element elementor-element-a2e9386 e-flex e-con-boxed e-con e-parent\" data-id=\"a2e9386\" data-element_type=\"container\" data-e-type=\"container\">\n\t\t\t\t\t<div class=\"e-con-inner\">\n\t\t\t\t<div class=\"elementor-element elementor-element-81ee6d9 elementor-widget elementor-widget-heading\" data-id=\"81ee6d9\" data-element_type=\"widget\" data-e-type=\"widget\" data-widget_type=\"heading.default\">\n\t\t\t\t<div class=\"elementor-widget-container\">\n\t\t\t\t\t<h2 class=\"elementor-heading-title elementor-size-default\">\ud83d\udce3Condi\u00e7\u00f5es Especiais para Participantes do III ABM\n<\/h2>\t\t\t\t<\/div>\n\t\t\t\t<\/div>\n\t\t\t\t\t<\/div>\n\t\t\t\t<\/div>\n\t\t<div class=\"elementor-element elementor-element-be6dd95 e-flex e-con-boxed e-con e-parent\" data-id=\"be6dd95\" data-element_type=\"container\" data-e-type=\"container\">\n\t\t\t\t\t<div class=\"e-con-inner\">\n\t\t<div class=\"elementor-element elementor-element-38ab5b1 e-con-full e-flex e-con e-child\" data-id=\"38ab5b1\" data-element_type=\"container\" data-e-type=\"container\">\n\t\t\t\t<div class=\"elementor-element elementor-element-8a148b5 elementor-widget elementor-widget-text-editor\" data-id=\"8a148b5\" data-element_type=\"widget\" data-e-type=\"widget\" data-widget_type=\"text-editor.default\">\n\t\t\t\t<div class=\"elementor-widget-container\">\n\t\t\t\t\t\t\t\t\t<p>Pensando no seu conforto e na melhor experi\u00eancia durante o III Encontro Internacional de Arquivos, Bibliotecas e Museus (III ABM), firmamos uma parceria com a ag\u00eancia de viagens oficial do evento, a <strong>Atlas Turismo<\/strong>.<\/p><p>\ud83c\udf9f Passagens a\u00e9reas com tarifas especiais<br \/>\ud83c\udfe8 Descontos exclusivos em hospedagens selecionadas<\/p><p>Hospede-se com condi\u00e7\u00f5es diferenciadas em um dos hot\u00e9is parceiros, com localiza\u00e7\u00e3o estrat\u00e9gica em Salvador:<\/p><p>* Hotel Bahia do Sol <br \/>* Wish Hotel da Bahia<br \/>* Grande Hotel da Barra<br \/>* Portobello Ondina Praia<br \/>* Vila Gal\u00e9 Salvador<\/p><p>\u26a0 Aten\u00e7\u00e3o: Os descontos em hospedagens s\u00f3 ser\u00e3o garantidos para reservas realizadas diretamente com a Atlas Turismo, por meio da nossa consultora oficial:<\/p><p>\ud83d\udce7 Luana \u2013 [luana@atlasturismo.com](mailto:luana@atlasturismo.com)<\/p><p>Garanta sua viagem com praticidade, seguran\u00e7a e economia. Vem com a gente para o III ABM!<\/p><p>\ud83c\udf10 [www.abm2025.ufba.br](http:\/\/www.abm2025.ufba.br)<br \/>\ud83d\udcf1 Instagram: [@encontro\\_abm](https:\/\/instagram.com\/encontro_abm)<br \/>\ud83d\udcd8 Facebook: Arquivos Bibliotecas\u00a0Museu<\/p>\t\t\t\t\t\t\t\t<\/div>\n\t\t\t\t<\/div>\n\t\t\t\t<\/div>\n\t\t<div class=\"elementor-element elementor-element-015e610 e-con-full e-flex e-con e-child\" data-id=\"015e610\" data-element_type=\"container\" data-e-type=\"container\">\n\t\t\t\t<div class=\"elementor-element elementor-element-069c4fe elementor-widget elementor-widget-image\" data-id=\"069c4fe\" data-element_type=\"widget\" data-e-type=\"widget\" data-widget_type=\"image.default\">\n\t\t\t\t<div class=\"elementor-widget-container\">\n\t\t\t\t\t\t\t\t\t\t\t\t\t\t\t<img fetchpriority=\"high\" decoding=\"async\" width=\"576\" height=\"1024\" src=\"https:\/\/www.encontrosabm.com.br\/2025\/wp-content\/uploads\/2025\/06\/sITE-ABM-HOSPEDAGEM-576x1024.webp\" class=\"attachment-large size-large wp-image-2106\" alt=\"\" srcset=\"https:\/\/www.encontrosabm.com.br\/2025\/wp-content\/uploads\/2025\/06\/sITE-ABM-HOSPEDAGEM-576x1024.webp 576w, https:\/\/www.encontrosabm.com.br\/2025\/wp-content\/uploads\/2025\/06\/sITE-ABM-HOSPEDAGEM-169x300.webp 169w, https:\/\/www.encontrosabm.com.br\/2025\/wp-content\/uploads\/2025\/06\/sITE-ABM-HOSPEDAGEM-768x1365.webp 768w, https:\/\/www.encontrosabm.com.br\/2025\/wp-content\/uploads\/2025\/06\/sITE-ABM-HOSPEDAGEM-864x1536.webp 864w, https:\/\/www.encontrosabm.com.br\/2025\/wp-content\/uploads\/2025\/06\/sITE-ABM-HOSPEDAGEM.webp 1080w\" sizes=\"(max-width: 576px) 100vw, 576px\" \/>\t\t\t\t\t\t\t\t\t\t\t\t\t\t\t<\/div>\n\t\t\t\t<\/div>\n\t\t\t\t<\/div>\n\t\t\t\t\t<\/div>\n\t\t\t\t<\/div>\n\t\t\t\t<\/div>\n\t\t","protected":false},"excerpt":{"rendered":"<p>\ud83d\udce3Condi\u00e7\u00f5es Especiais para Participantes do III ABM Pensando no seu conforto e na melhor experi\u00eancia durante o III Encontro Internacional de Arquivos, Bibliotecas e Museus (III ABM), firmamos uma parceria com a ag\u00eancia de viagens oficial do evento, a Atlas Turismo. \ud83c\udf9f Passagens a\u00e9reas com tarifas especiais\ud83c\udfe8 Descontos exclusivos em hospedagens selecionadas Hospede-se com condi\u00e7\u00f5es [&hellip;]<\/p>\n","protected":false},"author":3,"featured_media":0,"parent":0,"menu_order":0,"comment_status":"closed","ping_status":"closed","template":"elementor_header_footer","meta":{"footnotes":""},"class_list":["post-2085","page","type-page","status-publish","hentry"],"_links":{"self":[{"href":"https:\/\/www.encontrosabm.com.br\/2025\/wp-json\/wp\/v2\/pages\/2085","targetHints":{"allow":["GET"]}}],"collection":[{"href":"https:\/\/www.encontrosabm.com.br\/2025\/wp-json\/wp\/v2\/pages"}],"about":[{"href":"https:\/\/www.encontrosabm.com.br\/2025\/wp-json\/wp\/v2\/types\/page"}],"author":[{"embeddable":true,"href":"https:\/\/www.encontrosabm.com.br\/2025\/wp-json\/wp\/v2\/users\/3"}],"replies":[{"embeddable":true,"href":"https:\/\/www.encontrosabm.com.br\/2025\/wp-json\/wp\/v2\/comments?post=2085"}],"version-history":[{"count":22,"href":"https:\/\/www.encontrosabm.com.br\/2025\/wp-json\/wp\/v2\/pages\/2085\/revisions"}],"predecessor-version":[{"id":2112,"href":"https:\/\/www.encontrosabm.com.br\/2025\/wp-json\/wp\/v2\/pages\/2085\/revisions\/2112"}],"wp:attachment":[{"href":"https:\/\/www.encontrosabm.com.br\/2025\/wp-json\/wp\/v2\/media?parent=2085"}],"curies":[{"name":"wp","href":"https:\/\/api.w.org\/{rel}","templated":true}]}}