{"id":2479,"date":"2025-07-08T15:15:20","date_gmt":"2025-07-08T18:15:20","guid":{"rendered":"https:\/\/www.encontrosabm.com.br\/2025\/?page_id=2479"},"modified":"2025-09-08T21:08:51","modified_gmt":"2025-09-09T00:08:51","slug":"comissao-cientifica","status":"publish","type":"page","link":"https:\/\/www.encontrosabm.com.br\/2025\/comissao-cientifica\/","title":{"rendered":"Comiss\u00e3o Cient\u00edfica"},"content":{"rendered":"\t\t<div data-elementor-type=\"wp-page\" data-elementor-id=\"2479\" class=\"elementor elementor-2479\" data-elementor-post-type=\"page\">\n\t\t\t\t<div class=\"elementor-element elementor-element-1cc54fa e-flex e-con-boxed e-con e-parent\" data-id=\"1cc54fa\" data-element_type=\"container\" data-e-type=\"container\">\n\t\t\t\t\t<div class=\"e-con-inner\">\n\t\t\t\t<div class=\"elementor-element elementor-element-3d3ab33 elementor-widget elementor-widget-heading\" data-id=\"3d3ab33\" data-element_type=\"widget\" data-e-type=\"widget\" data-widget_type=\"heading.default\">\n\t\t\t\t<div class=\"elementor-widget-container\">\n\t\t\t\t\t<h2 class=\"elementor-heading-title elementor-size-default\">\ud83c\udf9f\ufe0f COMISS\u00c3O CIENT\u00cdFICA III ABM 2025<\/h2>\t\t\t\t<\/div>\n\t\t\t\t<\/div>\n\t\t\t\t<div class=\"elementor-element elementor-element-8755ee8 elementor-widget elementor-widget-text-editor\" data-id=\"8755ee8\" data-element_type=\"widget\" data-e-type=\"widget\" data-widget_type=\"text-editor.default\">\n\t\t\t\t<div class=\"elementor-widget-container\">\n\t\t\t\t\t\t\t\t\t<p>Adriano Duarte Rodrigues &#8211; Universidade Nova de Lisboa<\/p><p>Alma Beatriz Rivera Aguilera &#8211; Universidad Iberoamericana, Mexico<\/p><p>Alzira Tude de S\u00e1 &#8211; Universidade Federal da Bahia<\/p><p>Ana L\u00facia Terra \u2013 Universidade de Coimbra<\/p><p>B\u00e1rbara Coelho Neves &#8211; Universidade Federal da Bahia<\/p><p>Bernardina Maria Juvenal Freire de Oliveira &#8211; Universidade Federal da Para\u00edba<\/p><p>Bruna Lessa &#8211; Universidade Federal da Bahia<\/p><p>Carla Maria Martellote \u2013 Universidade Federal do Rio de Janeiro<\/p><p>Carlos Su\u00e1rez Balseiro \u2013 Universidad de Porto Rico<\/p><p>Carmen Matos Abreu \u2013 Universidade do Porto<\/p><p>Carol Guilleminot &#8211; Universidad de la Republica Uruguay<\/p><p>Carolina de Souza Santana &#8211; Universidade Federal da Bahia<\/p><p>Cl\u00f3vis Ricardo Montenegro de Lima &#8211; Instituto Brasileiro de Informa\u00e7\u00e3o em Ci\u00eancia e Tecnologia<\/p><p>Cr\u00edspulo Travieso Rodr\u00edguez &#8211; Universidad de Salamanca<\/p><p>Dalbert Marques Oliveira \u2013 Universidade de Coimbra<\/p><p>Daniel de Jesus Barcoso Cautela Branco &#8211; Universidade Federal da Bahia<\/p><p>Denize Laureano Rocha -Universidade Federal da Bahia<\/p><p>Eduardo Ju\u00e1rez Valero &#8211; Universidad Carlos III de Madrid<\/p><p>Elisa Cerveira \u2013 Universidade do Porto<\/p><p>Esdras Renan Farias Dantas \u2013 Universidade Estadual da Para\u00edba<\/p><p>Fabiana Costa Lavigne &#8211; Universidade Federal da Bahia<\/p><p>Fernanda Maria Melo Alves &#8211; Universidad Carlos III de Madrid<\/p><p>Fernanda Ribeiro \u2013 Universidade do Porto<\/p><p>Fernando Zamith \u2013 Universidade do Porto<\/p><p>Francisco Carlos Paletta &#8211; Universidade de S\u00e3o Paulo<\/p><p>Gisele Wolkoff \u2013 Universidade Federal Fluminense \/ Universidade Federal de S\u00e3o Paulo<\/p><p>Gustavo Silva Saldanha &#8211; Universidade Federal do Estado do Rio de Janeiro<\/p><p>Hildenise Ferreira Novo &#8211; Universidade Federal do Estado do Rio de Janeiro<\/p><p>Ieda Pelogia Martins Damian &#8211; Universidade de S\u00e3o Paulo<\/p><p>Ivana Aparecida Borges Lins &#8211; Universidade Federal da Bahia<\/p><p>Jana\u00edna Fialho \u2013 Universidade Federal de Sergipe<\/p><p>Jaqueline Silva de Souza &#8211; Universidade Federal do Vale do S\u00e3o Francisco<\/p><p>Jos\u00e9 Ant\u00f3nio Frias Montoya &#8211; Universidad de Salamanca<\/p><p>Jos\u00e9 Ant\u00f3nio Moreiro Gonz\u00e1lez &#8211; Universidad Carlos III de Madrid<\/p><p>Jos\u00e9 Cl\u00e1udio Oliveira &#8211; Universidade Federal da Bahia<\/p><p>Juan Ant\u00f3nio Pastor Sanchez &#8211; Universidad de Murcia<\/p><p>Juan-Jos\u00e9 Bot\u00e9 Vericad &#8211; Universitat de Barcelona<\/p><p>Jussara Santos Pimenta \u2013 Universidade Federal de Rond\u00f4nia<\/p><p>Leonor Calv\u00e3o Borges &#8211; Universidade de Coimbra<\/p><p>Liliana Isabel Esteves Gomes \u2013 Universidade de Coimbra<\/p><p>Luc\u00eddio Lopes de Alencar \u2013 Universidade Federal do Vale de S\u00e3o Francisco<\/p><p>M\u00e1rcio Bezerra da Silva \u2013 Universidade de Bras\u00edlia<\/p><p>Maria Amelia Teixeira da Silva &#8211; Universidade Federal da Para\u00edba<\/p><p>Maria Beatriz Pinto de S\u00e1 Moscoso Marques \u2013 Universidade de Coimbra<\/p><p>Maria Elizabeth Baltar Carneiro de Albuquerque &#8211; Universidade Federal da Para\u00edba<\/p><p>Maria In\u00eas Peixoto Braga &#8211; Instituto Superior de Contabilidade e Administra\u00e7\u00e3o do Porto<\/p><p>Maria Manuela Pinto \u2013 Universidade do Porto<\/p><p>Mar\u00eda Teresa M\u00fanera Torres &#8211; Universidad de Antioquia, Colombia<\/p><p>Maria Teresa Matos \u2013 Universidade Federal da Bahia<\/p><p>Mariana Basto Matos \u2013 Universidade do Porto<\/p><p>Martha Sabelli &#8211; Universidad de la Republica Uruguay<\/p><p>Milena Carla Lima de Carvalho \u2013 Instituto Superior de Contabilidade e Administra\u00e7\u00e3o do Porto<\/p><p>M\u00edrian Cristina de Lima \u2013 Universidade de Coimbra<\/p><p>Mois\u00e9s Rockembach &#8211; Universidade Federal do Rio Grande do Sul<\/p><p>M\u00f3nica Izquierdo Alonso &#8211; University of Alcal\u00e1<\/p><p>Natanael Vitor Sobral &#8211; Universidade Federal da Bahia<\/p><p>Niliane Cunha de Aguiar &#8211; Universidade Federal de Sergipe<\/p><p>Nuno Francisco Pinto Pereira Machado \u2013 Universidade do Porto<\/p><p>Pablo Boaventura Sales Paix\u00e3o &#8211; Universidade Federal de Sergipe<\/p><p>Pedro Penteado &#8211; Dire\u00e7\u00e3o-Geral do Livro, dos Arquivos e das Bibliotecas\u00a0de Portugal<\/p><p>Rafael Port da Rocha &#8211; Universidade Federal do Rio Grande do Sul<\/p><p>Renata Maria Abrantes Baracho &#8211; Universidade Federal de Minas Gerais<\/p><p>Rita de C\u00e1ssia Maia da Silva \u2013 Universidade Federal da Bahia<\/p><p>Salim Silva Souza \u2013 Instituto Federal de Sergipe<\/p><p>Sidelia Santos Teixeira &#8211; Universidade Federal da Bahia<\/p><p>Susana Martins &#8211; Instituto Superior de Contabilidade e Administra\u00e7\u00e3o do Porto<\/p><p>Tassila Oliveira Ramos &#8211; Instituto Federal da Bahia<\/p><p>Val\u00e9ria Aparecida Bari &#8211; Universidade Federal de Sergipe<\/p><p>Viviana Fern\u00e1ndez Marcial &#8211; Universidade da Coru\u00f1a\u00a0\u00a0<\/p><p>Wagner Miranda Gomes \u2013 Universidade Federal da Bahia<\/p><p>***<\/p>\t\t\t\t\t\t\t\t<\/div>\n\t\t\t\t<\/div>\n\t\t\t\t\t<\/div>\n\t\t\t\t<\/div>\n\t\t\t\t<\/div>\n\t\t","protected":false},"excerpt":{"rendered":"<p>\ud83c\udf9f\ufe0f COMISS\u00c3O CIENT\u00cdFICA III ABM 2025 Adriano Duarte Rodrigues &#8211; Universidade Nova de Lisboa Alma Beatriz Rivera Aguilera &#8211; Universidad Iberoamericana, Mexico Alzira Tude de S\u00e1 &#8211; Universidade Federal da Bahia Ana L\u00facia Terra \u2013 Universidade de Coimbra B\u00e1rbara Coelho Neves &#8211; Universidade Federal da Bahia Bernardina Maria Juvenal Freire de Oliveira &#8211; Universidade Federal [&hellip;]<\/p>\n","protected":false},"author":3,"featured_media":0,"parent":0,"menu_order":0,"comment_status":"closed","ping_status":"closed","template":"elementor_header_footer","meta":{"footnotes":""},"class_list":["post-2479","page","type-page","status-publish","hentry"],"_links":{"self":[{"href":"https:\/\/www.encontrosabm.com.br\/2025\/wp-json\/wp\/v2\/pages\/2479","targetHints":{"allow":["GET"]}}],"collection":[{"href":"https:\/\/www.encontrosabm.com.br\/2025\/wp-json\/wp\/v2\/pages"}],"about":[{"href":"https:\/\/www.encontrosabm.com.br\/2025\/wp-json\/wp\/v2\/types\/page"}],"author":[{"embeddable":true,"href":"https:\/\/www.encontrosabm.com.br\/2025\/wp-json\/wp\/v2\/users\/3"}],"replies":[{"embeddable":true,"href":"https:\/\/www.encontrosabm.com.br\/2025\/wp-json\/wp\/v2\/comments?post=2479"}],"version-history":[{"count":52,"href":"https:\/\/www.encontrosabm.com.br\/2025\/wp-json\/wp\/v2\/pages\/2479\/revisions"}],"predecessor-version":[{"id":3231,"href":"https:\/\/www.encontrosabm.com.br\/2025\/wp-json\/wp\/v2\/pages\/2479\/revisions\/3231"}],"wp:attachment":[{"href":"https:\/\/www.encontrosabm.com.br\/2025\/wp-json\/wp\/v2\/media?parent=2479"}],"curies":[{"name":"wp","href":"https:\/\/api.w.org\/{rel}","templated":true}]}}