{"id":282,"date":"2025-05-08T11:57:31","date_gmt":"2025-05-08T14:57:31","guid":{"rendered":"https:\/\/www.encontrosabm.com.br\/2025\/?page_id=282"},"modified":"2025-09-23T16:07:03","modified_gmt":"2025-09-23T19:07:03","slug":"inscricao","status":"publish","type":"page","link":"https:\/\/www.encontrosabm.com.br\/2025\/inscricao\/","title":{"rendered":"Inscri\u00e7\u00f5es"},"content":{"rendered":"\t\t<div data-elementor-type=\"wp-page\" data-elementor-id=\"282\" class=\"elementor elementor-282\" data-elementor-post-type=\"page\">\n\t\t\t\t<div class=\"elementor-element elementor-element-76705e0 e-flex e-con-boxed e-con e-parent\" data-id=\"76705e0\" data-element_type=\"container\" data-e-type=\"container\">\n\t\t\t\t\t<div class=\"e-con-inner\">\n\t\t\t\t<div class=\"elementor-element elementor-element-18ab2e7 elementor-widget elementor-widget-heading\" data-id=\"18ab2e7\" data-element_type=\"widget\" data-e-type=\"widget\" data-widget_type=\"heading.default\">\n\t\t\t\t<div class=\"elementor-widget-container\">\n\t\t\t\t\t<h2 class=\"elementor-heading-title elementor-size-default\">\ud83c\udf9f\ufe0f Inscri\u00e7\u00f5es III ABM 2025<\/h2>\t\t\t\t<\/div>\n\t\t\t\t<\/div>\n\t\t\t\t\t<\/div>\n\t\t\t\t<\/div>\n\t\t<div class=\"elementor-element elementor-element-55f8e43 e-flex e-con-boxed e-con e-parent\" data-id=\"55f8e43\" data-element_type=\"container\" data-e-type=\"container\">\n\t\t\t\t\t<div class=\"e-con-inner\">\n\t\t\t\t<div class=\"elementor-element elementor-element-f52949d elementor-widget elementor-widget-text-editor\" data-id=\"f52949d\" data-element_type=\"widget\" data-e-type=\"widget\" data-widget_type=\"text-editor.default\">\n\t\t\t\t<div class=\"elementor-widget-container\">\n\t\t\t\t\t\t\t\t\t<p class=\"\" data-start=\"146\" data-end=\"453\">Aqui voc\u00ea encontra todas as informa\u00e7\u00f5es necess\u00e1rias para garantir sua participa\u00e7\u00e3o no III Encontro Internacional de Arquivos, Bibliotecas e Museus, que acontecer\u00e1 nos dias <strong data-start=\"352\" data-end=\"387\">09, 10 e 11 de setembro de 2025<\/strong>, no <strong data-start=\"392\" data-end=\"423\">Arquivo P\u00fablico de Salvador<\/strong>, ao lado do Mercado Modelo.<\/p><p class=\"\" data-start=\"455\" data-end=\"766\">Este \u00e9 o espa\u00e7o ideal para voc\u00ea ficar por dentro dos <strong data-start=\"508\" data-end=\"552\">valores, categorias e benef\u00edcios<\/strong> da inscri\u00e7\u00e3o. Seja voc\u00ea um(a) profissional da \u00e1rea, pesquisador(a), estudante ou entusiasta da preserva\u00e7\u00e3o da mem\u00f3ria, sua presen\u00e7a \u00e9 fundamental para enriquecer os debates e as conex\u00f5es que o evento vai promover!<\/p><p class=\"\" data-start=\"768\" data-end=\"905\">\ud83d\udcdd <strong data-start=\"771\" data-end=\"790\">N\u00e3o perca tempo<\/strong>: garanta j\u00e1 sua vaga e venha fazer parte dessa experi\u00eancia que vai marcar a cena cultural e informacional do pa\u00eds!<\/p>\t\t\t\t\t\t\t\t<\/div>\n\t\t\t\t<\/div>\n\t\t\t\t\t<\/div>\n\t\t\t\t<\/div>\n\t\t<div class=\"elementor-element elementor-element-79d9926 e-flex e-con-boxed e-con e-parent\" data-id=\"79d9926\" data-element_type=\"container\" data-e-type=\"container\">\n\t\t\t\t\t<div class=\"e-con-inner\">\n\t\t\t\t<div class=\"elementor-element elementor-element-00d0025 elementor-invisible elementor-widget elementor-widget-image\" data-id=\"00d0025\" data-element_type=\"widget\" data-e-type=\"widget\" data-settings=\"{&quot;_animation&quot;:&quot;fadeIn&quot;}\" data-widget_type=\"image.default\">\n\t\t\t\t<div class=\"elementor-widget-container\">\n\t\t\t\t\t\t\t\t\t\t\t\t\t\t\t<img fetchpriority=\"high\" decoding=\"async\" width=\"800\" height=\"549\" src=\"https:\/\/www.encontrosabm.com.br\/2025\/wp-content\/uploads\/2025\/07\/valores-2.png\" class=\"attachment-large size-large wp-image-2579\" alt=\"\" srcset=\"https:\/\/www.encontrosabm.com.br\/2025\/wp-content\/uploads\/2025\/07\/valores-2.png 1016w, https:\/\/www.encontrosabm.com.br\/2025\/wp-content\/uploads\/2025\/07\/valores-2-300x206.png 300w, https:\/\/www.encontrosabm.com.br\/2025\/wp-content\/uploads\/2025\/07\/valores-2-768x527.png 768w\" sizes=\"(max-width: 800px) 100vw, 800px\" \/>\t\t\t\t\t\t\t\t\t\t\t\t\t\t\t<\/div>\n\t\t\t\t<\/div>\n\t\t\t\t<div class=\"elementor-element elementor-element-2e9acc3 elementor-widget elementor-widget-text-editor\" data-id=\"2e9acc3\" data-element_type=\"widget\" data-e-type=\"widget\" data-widget_type=\"text-editor.default\">\n\t\t\t\t<div class=\"elementor-widget-container\">\n\t\t\t\t\t\t\t\t\t<p><strong>ESTUDANTE DE GRADUA\u00c7\u00c3O OUVINTE:<\/strong><br \/>Enviar comprovante de matr\u00edcula atualizado junto com o comprovante de pagamento da inscri\u00e7\u00e3o<\/p>\t\t\t\t\t\t\t\t<\/div>\n\t\t\t\t<\/div>\n\t\t\t\t<div class=\"elementor-element elementor-element-eb71dcb elementor-widget elementor-widget-text-editor\" data-id=\"eb71dcb\" data-element_type=\"widget\" data-e-type=\"widget\" data-widget_type=\"text-editor.default\">\n\t\t\t\t<div class=\"elementor-widget-container\">\n\t\t\t\t\t\t\t\t\t<p><strong>ASSOCIADOS(AS)<\/strong> \u00e0 Associa\u00e7\u00f5es e conselhos <strong>CONVENIADOS<\/strong> (enviar comprovante de filia\u00e7\u00e3o\/associa\u00e7\u00e3o atualizado junto com o comprovante de pagamento da inscri\u00e7\u00e3o):<\/p><p>AABA &#8211; Associa\u00e7\u00e3o dos Arquivistas da Bahia<\/p><p>Abecin &#8211; Associa\u00e7\u00e3o Brasileira de Educa\u00e7\u00e3o em Ci\u00eancia da Informa\u00e7\u00e3o<\/p><p>Ancib &#8211; Associa\u00e7\u00e3o Nacional de Pesquisa e P\u00f3s-Gradua\u00e7\u00e3o em Ci\u00eancia da Informa\u00e7\u00e3o<\/p><p>COREM-4 &#8211; Conselho Regional de Museologia 4a Regi\u00e3o &#8211; AC, DF, GO, MT, MS, RO, SP e TO<\/p><p>CRB-10 &#8211; \u00a0Conselho Regional de Biblioteconomia da 10\u00aa Regi\u00e3o\u00a0<br \/>Sede em Porto Alegre-RS<\/p><p>CRB-5 &#8211; Conselho Regional de Biblioteconomia da 5\u00aa Regi\u00e3o<\/p><p>COREM-1R \u2013 Conselho Regional de Museologia 1\u00aa Regi\u00e3o<\/p><p>FNArq &#8211; F\u00f3rum Nacional das Associa\u00e7\u00f5es de Arquivologia do Brasil<\/p><p>SENAC &#8211; Servi\u00e7o Nacional de Aprendizagem Comercial<\/p><p><strong>FORMAS DE PAGAMENTO:<\/strong><\/p><p>Dep\u00f3sito Banc\u00e1rio<\/p><p>Pagamento via PIX<\/p><p>Cart\u00e3o de Cr\u00e9dito (pagamentos nacionais ou internacionais)<\/p><p>Pagamento via Nota de Empenho<\/p>\t\t\t\t\t\t\t\t<\/div>\n\t\t\t\t<\/div>\n\t\t\t\t\t<\/div>\n\t\t\t\t<\/div>\n\t\t<div class=\"elementor-element elementor-element-06ca64c e-flex e-con-boxed e-con e-parent\" data-id=\"06ca64c\" data-element_type=\"container\" data-e-type=\"container\">\n\t\t\t\t\t<div class=\"e-con-inner\">\n\t\t\t\t<div class=\"elementor-element elementor-element-20f7fdf elementor-align-center elementor-widget__width-initial elementor-invisible elementor-widget elementor-widget-button\" data-id=\"20f7fdf\" data-element_type=\"widget\" data-e-type=\"widget\" data-settings=\"{&quot;_animation&quot;:&quot;fadeIn&quot;}\" data-widget_type=\"button.default\">\n\t\t\t\t<div class=\"elementor-widget-container\">\n\t\t\t\t\t\t\t\t\t<div class=\"elementor-button-wrapper\">\n\t\t\t\t\t<a class=\"elementor-button elementor-size-sm\" role=\"button\">\n\t\t\t\t\t\t<span class=\"elementor-button-content-wrapper\">\n\t\t\t\t\t\t\t\t\t<span class=\"elementor-button-text\">Inscri\u00e7\u00f5es Encerradas<\/span>\n\t\t\t\t\t<\/span>\n\t\t\t\t\t<\/a>\n\t\t\t\t<\/div>\n\t\t\t\t\t\t\t\t<\/div>\n\t\t\t\t<\/div>\n\t\t\t\t\t<\/div>\n\t\t\t\t<\/div>\n\t\t\t\t<\/div>\n\t\t","protected":false},"excerpt":{"rendered":"<p>\ud83c\udf9f\ufe0f Inscri\u00e7\u00f5es III ABM 2025 Aqui voc\u00ea encontra todas as informa\u00e7\u00f5es necess\u00e1rias para garantir sua participa\u00e7\u00e3o no III Encontro Internacional de Arquivos, Bibliotecas e Museus, que acontecer\u00e1 nos dias 09, 10 e 11 de setembro de 2025, no Arquivo P\u00fablico de Salvador, ao lado do Mercado Modelo. Este \u00e9 o espa\u00e7o ideal para voc\u00ea ficar [&hellip;]<\/p>\n","protected":false},"author":3,"featured_media":0,"parent":0,"menu_order":0,"comment_status":"closed","ping_status":"closed","template":"elementor_header_footer","meta":{"footnotes":""},"class_list":["post-282","page","type-page","status-publish","hentry"],"_links":{"self":[{"href":"https:\/\/www.encontrosabm.com.br\/2025\/wp-json\/wp\/v2\/pages\/282","targetHints":{"allow":["GET"]}}],"collection":[{"href":"https:\/\/www.encontrosabm.com.br\/2025\/wp-json\/wp\/v2\/pages"}],"about":[{"href":"https:\/\/www.encontrosabm.com.br\/2025\/wp-json\/wp\/v2\/types\/page"}],"author":[{"embeddable":true,"href":"https:\/\/www.encontrosabm.com.br\/2025\/wp-json\/wp\/v2\/users\/3"}],"replies":[{"embeddable":true,"href":"https:\/\/www.encontrosabm.com.br\/2025\/wp-json\/wp\/v2\/comments?post=282"}],"version-history":[{"count":230,"href":"https:\/\/www.encontrosabm.com.br\/2025\/wp-json\/wp\/v2\/pages\/282\/revisions"}],"predecessor-version":[{"id":3260,"href":"https:\/\/www.encontrosabm.com.br\/2025\/wp-json\/wp\/v2\/pages\/282\/revisions\/3260"}],"wp:attachment":[{"href":"https:\/\/www.encontrosabm.com.br\/2025\/wp-json\/wp\/v2\/media?parent=282"}],"curies":[{"name":"wp","href":"https:\/\/api.w.org\/{rel}","templated":true}]}}