{"id":31,"date":"2025-05-06T17:37:30","date_gmt":"2025-05-06T20:37:30","guid":{"rendered":"https:\/\/www.encontrosabm.com.br\/2025\/?page_id=31"},"modified":"2026-04-22T12:18:25","modified_gmt":"2026-04-22T15:18:25","slug":"inicio","status":"publish","type":"page","link":"https:\/\/www.encontrosabm.com.br\/2025\/","title":{"rendered":"In\u00edcio"},"content":{"rendered":"\t\t<div data-elementor-type=\"wp-page\" data-elementor-id=\"31\" class=\"elementor elementor-31\" data-elementor-post-type=\"page\">\n\t\t\t\t<div class=\"elementor-element elementor-element-11785a7 e-flex e-con-boxed e-con e-parent\" data-id=\"11785a7\" data-element_type=\"container\" data-e-type=\"container\" data-settings=\"{&quot;background_background&quot;:&quot;classic&quot;}\">\n\t\t\t\t\t<div class=\"e-con-inner\">\n\t\t<div class=\"elementor-element elementor-element-ffcf281 e-con-full e-flex e-con e-child\" data-id=\"ffcf281\" data-element_type=\"container\" data-e-type=\"container\">\n\t\t\t\t<div class=\"elementor-element elementor-element-dca0876 elementor-widget elementor-widget-heading\" data-id=\"dca0876\" data-element_type=\"widget\" data-e-type=\"widget\" data-widget_type=\"heading.default\">\n\t\t\t\t<div class=\"elementor-widget-container\">\n\t\t\t\t\t<h2 class=\"elementor-heading-title elementor-size-default\">Patrona:\nProfessora de Not\u00f3rio Saber Maria Jos\u00e9 Rabello de Freitas<\/h2>\t\t\t\t<\/div>\n\t\t\t\t<\/div>\n\t\t\t\t<\/div>\n\t\t<div class=\"elementor-element elementor-element-fa187e2 e-con-full e-flex e-con e-child\" data-id=\"fa187e2\" data-element_type=\"container\" data-e-type=\"container\">\n\t\t\t\t<div class=\"elementor-element elementor-element-a70e83b elementor-widget__width-initial elementor-widget elementor-widget-image\" data-id=\"a70e83b\" data-element_type=\"widget\" data-e-type=\"widget\" data-widget_type=\"image.default\">\n\t\t\t\t<div class=\"elementor-widget-container\">\n\t\t\t\t\t\t\t\t\t\t\t\t\t\t\t<img fetchpriority=\"high\" decoding=\"async\" width=\"300\" height=\"300\" src=\"http:\/\/www.encontrosabm.com.br\/2025\/wp-content\/uploads\/2025\/05\/1.1-300x300.webp\" class=\"attachment-medium size-medium wp-image-1289\" alt=\"\" srcset=\"http:\/\/www.encontrosabm.com.br\/2025\/wp-content\/uploads\/2025\/05\/1.1-300x300.webp 300w, http:\/\/www.encontrosabm.com.br\/2025\/wp-content\/uploads\/2025\/05\/1.1-1024x1024.webp 1024w, http:\/\/www.encontrosabm.com.br\/2025\/wp-content\/uploads\/2025\/05\/1.1-150x150.webp 150w, http:\/\/www.encontrosabm.com.br\/2025\/wp-content\/uploads\/2025\/05\/1.1-768x768.webp 768w, http:\/\/www.encontrosabm.com.br\/2025\/wp-content\/uploads\/2025\/05\/1.1.webp 1080w\" sizes=\"(max-width: 300px) 100vw, 300px\" \/>\t\t\t\t\t\t\t\t\t\t\t\t\t\t\t<\/div>\n\t\t\t\t<\/div>\n\t\t\t\t<\/div>\n\t\t\t\t\t<\/div>\n\t\t\t\t<\/div>\n\t\t<div class=\"elementor-element elementor-element-7a75107 elementor-hidden-mobile e-flex e-con-boxed e-con e-parent\" data-id=\"7a75107\" data-element_type=\"container\" data-e-type=\"container\">\n\t\t\t\t\t<div class=\"e-con-inner\">\n\t\t\t\t<div class=\"elementor-element elementor-element-77ddc38 elementor-arrows-position-inside elementor-pagination-position-outside elementor-widget elementor-widget-image-carousel\" data-id=\"77ddc38\" data-element_type=\"widget\" data-e-type=\"widget\" data-settings=\"{&quot;slides_to_show&quot;:&quot;1&quot;,&quot;autoplay_speed&quot;:3500,&quot;navigation&quot;:&quot;both&quot;,&quot;autoplay&quot;:&quot;yes&quot;,&quot;pause_on_hover&quot;:&quot;yes&quot;,&quot;pause_on_interaction&quot;:&quot;yes&quot;,&quot;infinite&quot;:&quot;yes&quot;,&quot;effect&quot;:&quot;slide&quot;,&quot;speed&quot;:500}\" data-widget_type=\"image-carousel.default\">\n\t\t\t\t<div class=\"elementor-widget-container\">\n\t\t\t\t\t\t\t<div class=\"elementor-image-carousel-wrapper swiper\" role=\"region\" aria-roledescription=\"carousel\" aria-label=\"Carrossel de imagens\" dir=\"ltr\">\n\t\t\t<div class=\"elementor-image-carousel swiper-wrapper\" aria-live=\"off\">\n\t\t\t\t\t\t\t\t<div class=\"swiper-slide\" role=\"group\" aria-roledescription=\"slide\" aria-label=\"1 de 1\"><figure class=\"swiper-slide-inner\"><img decoding=\"async\" class=\"swiper-slide-image\" src=\"http:\/\/www.encontrosabm.com.br\/2025\/wp-content\/uploads\/2025\/07\/15.07.2025-3.png\" alt=\"15.07.2025 3\" \/><\/figure><\/div>\t\t\t<\/div>\n\t\t\t\t\t<\/div>\n\t\t\t\t\t\t<\/div>\n\t\t\t\t<\/div>\n\t\t\t\t\t<\/div>\n\t\t\t\t<\/div>\n\t\t<div class=\"elementor-element elementor-element-7deb4aa e-flex e-con-boxed e-con e-parent\" data-id=\"7deb4aa\" data-element_type=\"container\" data-e-type=\"container\">\n\t\t\t\t\t<div class=\"e-con-inner\">\n\t\t\t\t<div class=\"elementor-element elementor-element-064b6a3 elementor-hidden-widescreen elementor-hidden-desktop elementor-hidden-laptop elementor-hidden-tablet_extra elementor-hidden-tablet elementor-hidden-mobile_extra elementor-arrows-position-inside elementor-pagination-position-outside elementor-widget elementor-widget-image-carousel\" data-id=\"064b6a3\" data-element_type=\"widget\" data-e-type=\"widget\" data-settings=\"{&quot;slides_to_show_mobile&quot;:&quot;1&quot;,&quot;autoplay_speed&quot;:3500,&quot;navigation&quot;:&quot;both&quot;,&quot;autoplay&quot;:&quot;yes&quot;,&quot;pause_on_hover&quot;:&quot;yes&quot;,&quot;pause_on_interaction&quot;:&quot;yes&quot;,&quot;infinite&quot;:&quot;yes&quot;,&quot;speed&quot;:500}\" data-widget_type=\"image-carousel.default\">\n\t\t\t\t<div class=\"elementor-widget-container\">\n\t\t\t\t\t\t\t<div class=\"elementor-image-carousel-wrapper swiper\" role=\"region\" aria-roledescription=\"carousel\" aria-label=\"Carrossel de imagens\" dir=\"ltr\">\n\t\t\t<div class=\"elementor-image-carousel swiper-wrapper\" aria-live=\"off\">\n\t\t\t\t\t\t\t\t<div class=\"swiper-slide\" role=\"group\" aria-roledescription=\"slide\" aria-label=\"1 de 1\"><a data-elementor-open-lightbox=\"yes\" data-elementor-lightbox-slideshow=\"064b6a3\" data-elementor-lightbox-title=\"aTEN\u00c7\u00c3O 03.09.2\" data-e-action-hash=\"#elementor-action%3Aaction%3Dlightbox%26settings%3DeyJpZCI6MzAyMywidXJsIjoiaHR0cDpcL1wvd3d3LmVuY29udHJvc2FibS5jb20uYnJcLzIwMjVcL3dwLWNvbnRlbnRcL3VwbG9hZHNcLzIwMjVcLzA5XC9hVEVOQ0FPLTAzLjA5LjIud2VicCIsInNsaWRlc2hvdyI6IjA2NGI2YTMifQ%3D%3D\" href=\"https:\/\/drive.google.com\/file\/d\/10SMZI45pvHVPW5-NEs0lsJsA53_eDApU\/view?usp=drive_link\" target=\"_blank\"><figure class=\"swiper-slide-inner\"><img decoding=\"async\" class=\"swiper-slide-image\" src=\"http:\/\/www.encontrosabm.com.br\/2025\/wp-content\/uploads\/2025\/09\/aTENCAO-03.09.2.webp\" alt=\"aTEN\u00c7\u00c3O 03.09.2\" \/><\/figure><\/a><\/div>\t\t\t<\/div>\n\t\t\t\t\t<\/div>\n\t\t\t\t\t\t<\/div>\n\t\t\t\t<\/div>\n\t\t\t\t\t<\/div>\n\t\t\t\t<\/div>\n\t\t<div class=\"elementor-element elementor-element-de7e716 e-flex e-con-boxed e-con e-parent\" data-id=\"de7e716\" data-element_type=\"container\" data-e-type=\"container\">\n\t\t\t\t\t<div class=\"e-con-inner\">\n\t\t<div class=\"elementor-element elementor-element-04bedd2 e-con-full e-flex e-con e-child\" data-id=\"04bedd2\" data-element_type=\"container\" data-e-type=\"container\">\n\t\t\t\t<div class=\"elementor-element elementor-element-6c5c739 elementor-widget-mobile_extra__width-initial elementor-widget elementor-widget-text-editor\" data-id=\"6c5c739\" data-element_type=\"widget\" data-e-type=\"widget\" data-widget_type=\"text-editor.default\">\n\t\t\t\t<div class=\"elementor-widget-container\">\n\t\t\t\t\t\t\t\t\t<p data-start=\"101\" data-end=\"371\"><strong>Realiza-se nos dias 9, 10 e 11 de setembro de 2025, em Salvador, Bahia, o III Encontro Internacional de Arquivos, Bibliotecas e Museus (ABM), que convida \u00e0 participa\u00e7\u00e3o e submiss\u00e3o de trabalhos, com publica\u00e7\u00e3o das palestras apresentadas em revista cient\u00edfica e em livro.<\/strong><\/p><p data-start=\"373\" data-end=\"899\" data-is-last-node=\"\" data-is-only-node=\"\"><strong>O evento \u00e9 promovido pelo Programa de P\u00f3s-Gradua\u00e7\u00e3o em Ci\u00eancia da Informa\u00e7\u00e3o (PPGCI) da Universidade Federal da Bahia (UFBA), por meio do Instituto de Ci\u00eancia da Informa\u00e7\u00e3o (ICI) e com os grupos de pesquisa G-ACERVOS, LAPCI, LTI e GREC; em parceria com a Faculdade de Letras da Universidade do Porto (FLUP) e com o centro de investiga\u00e7\u00e3o CITCEM \/ FCT; e inaugura a parceria com o Departamento de Biblioteconomia e Documenta\u00e7\u00e3o da Faculdade de Humanidades, Comunica\u00e7\u00e3o e Documenta\u00e7\u00e3o da Universidad Carlos III de Madrid (UC3M).<\/strong><\/p><p><strong>A Comiss\u00e3o Executiva do III ABM \u00e9 composta pelos Professores Doutores Zeny Duarte de Miranda e Jos\u00e9 Carlos Sales dos Santos (ICI\/PPGCI\/G-ACERVOS\/LAPCI\/LTI\/GREC\/UFBA); pelo Professor Armando Malheiro da Silva (FLUP\/U.PORTO); e pelos Professores Miguel Angel Marzal Garc\u00eda-Quismondo e Eduardo Ju\u00e1rez Valero (DBD\/FHCD-UC3M).<\/strong><\/p>\t\t\t\t\t\t\t\t<\/div>\n\t\t\t\t<\/div>\n\t\t\t\t<\/div>\n\t\t\t\t\t<\/div>\n\t\t\t\t<\/div>\n\t\t<div class=\"elementor-element elementor-element-fddd7fc e-flex e-con-boxed e-con e-parent\" data-id=\"fddd7fc\" data-element_type=\"container\" data-e-type=\"container\">\n\t\t\t\t\t<div class=\"e-con-inner\">\n\t\t<div class=\"elementor-element elementor-element-5cb0eea e-con-full e-flex e-con e-child\" data-id=\"5cb0eea\" data-element_type=\"container\" data-e-type=\"container\">\n\t\t\t\t<div class=\"elementor-element elementor-element-c00b889 elementor-widget elementor-widget-image\" data-id=\"c00b889\" data-element_type=\"widget\" data-e-type=\"widget\" data-widget_type=\"image.default\">\n\t\t\t\t<div class=\"elementor-widget-container\">\n\t\t\t\t\t\t\t\t\t\t\t\t\t\t\t<img decoding=\"async\" width=\"240\" height=\"300\" src=\"http:\/\/www.encontrosabm.com.br\/2025\/wp-content\/uploads\/2025\/05\/Foto-Zeny-Moldura-2-240x300.webp\" class=\"attachment-medium size-medium wp-image-1960\" alt=\"\" srcset=\"http:\/\/www.encontrosabm.com.br\/2025\/wp-content\/uploads\/2025\/05\/Foto-Zeny-Moldura-2-240x300.webp 240w, http:\/\/www.encontrosabm.com.br\/2025\/wp-content\/uploads\/2025\/05\/Foto-Zeny-Moldura-2-819x1024.webp 819w, http:\/\/www.encontrosabm.com.br\/2025\/wp-content\/uploads\/2025\/05\/Foto-Zeny-Moldura-2-768x960.webp 768w, http:\/\/www.encontrosabm.com.br\/2025\/wp-content\/uploads\/2025\/05\/Foto-Zeny-Moldura-2.webp 1080w\" sizes=\"(max-width: 240px) 100vw, 240px\" \/>\t\t\t\t\t\t\t\t\t\t\t\t\t\t\t<\/div>\n\t\t\t\t<\/div>\n\t\t\t\t<div class=\"elementor-element elementor-element-a99b007 elementor-widget elementor-widget-heading\" data-id=\"a99b007\" data-element_type=\"widget\" data-e-type=\"widget\" data-widget_type=\"heading.default\">\n\t\t\t\t<div class=\"elementor-widget-container\">\n\t\t\t\t\t<h2 class=\"elementor-heading-title elementor-size-default\">Zeny Duarte <\/h2>\t\t\t\t<\/div>\n\t\t\t\t<\/div>\n\t\t\t\t<\/div>\n\t\t<div class=\"elementor-element elementor-element-6e5e548 e-con-full e-flex e-con e-child\" data-id=\"6e5e548\" data-element_type=\"container\" data-e-type=\"container\">\n\t\t\t\t<div class=\"elementor-element elementor-element-1cfb567 elementor-widget elementor-widget-image\" data-id=\"1cfb567\" data-element_type=\"widget\" data-e-type=\"widget\" data-widget_type=\"image.default\">\n\t\t\t\t<div class=\"elementor-widget-container\">\n\t\t\t\t\t\t\t\t\t\t\t\t\t\t\t<img decoding=\"async\" width=\"240\" height=\"300\" src=\"http:\/\/www.encontrosabm.com.br\/2025\/wp-content\/uploads\/2025\/05\/jose-carlos2-240x300.webp\" class=\"attachment-medium size-medium wp-image-1950\" alt=\"\" srcset=\"http:\/\/www.encontrosabm.com.br\/2025\/wp-content\/uploads\/2025\/05\/jose-carlos2-240x300.webp 240w, http:\/\/www.encontrosabm.com.br\/2025\/wp-content\/uploads\/2025\/05\/jose-carlos2-819x1024.webp 819w, http:\/\/www.encontrosabm.com.br\/2025\/wp-content\/uploads\/2025\/05\/jose-carlos2-768x960.webp 768w, http:\/\/www.encontrosabm.com.br\/2025\/wp-content\/uploads\/2025\/05\/jose-carlos2.webp 1080w\" sizes=\"(max-width: 240px) 100vw, 240px\" \/>\t\t\t\t\t\t\t\t\t\t\t\t\t\t\t<\/div>\n\t\t\t\t<\/div>\n\t\t\t\t<div class=\"elementor-element elementor-element-8edd39f elementor-widget elementor-widget-heading\" data-id=\"8edd39f\" data-element_type=\"widget\" data-e-type=\"widget\" data-widget_type=\"heading.default\">\n\t\t\t\t<div class=\"elementor-widget-container\">\n\t\t\t\t\t<h2 class=\"elementor-heading-title elementor-size-default\">Jos\u00e9 Carlos Sales<\/h2>\t\t\t\t<\/div>\n\t\t\t\t<\/div>\n\t\t\t\t<\/div>\n\t\t<div class=\"elementor-element elementor-element-31cd54b e-con-full e-flex e-con e-child\" data-id=\"31cd54b\" data-element_type=\"container\" data-e-type=\"container\">\n\t\t\t\t<div class=\"elementor-element elementor-element-de75c4a elementor-widget elementor-widget-image\" data-id=\"de75c4a\" data-element_type=\"widget\" data-e-type=\"widget\" data-widget_type=\"image.default\">\n\t\t\t\t<div class=\"elementor-widget-container\">\n\t\t\t\t\t\t\t\t\t\t\t\t\t\t\t<img loading=\"lazy\" decoding=\"async\" width=\"240\" height=\"300\" src=\"http:\/\/www.encontrosabm.com.br\/2025\/wp-content\/uploads\/2025\/05\/Edurdo-mldura-2-240x300.webp\" class=\"attachment-medium size-medium wp-image-1961\" alt=\"\" srcset=\"http:\/\/www.encontrosabm.com.br\/2025\/wp-content\/uploads\/2025\/05\/Edurdo-mldura-2-240x300.webp 240w, http:\/\/www.encontrosabm.com.br\/2025\/wp-content\/uploads\/2025\/05\/Edurdo-mldura-2-819x1024.webp 819w, http:\/\/www.encontrosabm.com.br\/2025\/wp-content\/uploads\/2025\/05\/Edurdo-mldura-2-768x960.webp 768w, http:\/\/www.encontrosabm.com.br\/2025\/wp-content\/uploads\/2025\/05\/Edurdo-mldura-2.webp 1080w\" sizes=\"(max-width: 240px) 100vw, 240px\" \/>\t\t\t\t\t\t\t\t\t\t\t\t\t\t\t<\/div>\n\t\t\t\t<\/div>\n\t\t\t\t<div class=\"elementor-element elementor-element-9d3ef49 elementor-widget elementor-widget-heading\" data-id=\"9d3ef49\" data-element_type=\"widget\" data-e-type=\"widget\" data-widget_type=\"heading.default\">\n\t\t\t\t<div class=\"elementor-widget-container\">\n\t\t\t\t\t<h2 class=\"elementor-heading-title elementor-size-default\">Armando Malheiro<\/h2>\t\t\t\t<\/div>\n\t\t\t\t<\/div>\n\t\t\t\t<\/div>\n\t\t<div class=\"elementor-element elementor-element-01784f6 e-con-full e-flex e-con e-child\" data-id=\"01784f6\" data-element_type=\"container\" data-e-type=\"container\">\n\t\t\t\t<div class=\"elementor-element elementor-element-d5a8ec2 elementor-widget__width-initial elementor-widget elementor-widget-image\" data-id=\"d5a8ec2\" data-element_type=\"widget\" data-e-type=\"widget\" data-widget_type=\"image.default\">\n\t\t\t\t<div class=\"elementor-widget-container\">\n\t\t\t\t\t\t\t\t\t\t\t\t\t\t\t<img loading=\"lazy\" decoding=\"async\" width=\"240\" height=\"300\" src=\"http:\/\/www.encontrosabm.com.br\/2025\/wp-content\/uploads\/2025\/05\/mldura-2222222222-240x300.webp\" class=\"attachment-medium size-medium wp-image-1962\" alt=\"\" srcset=\"http:\/\/www.encontrosabm.com.br\/2025\/wp-content\/uploads\/2025\/05\/mldura-2222222222-240x300.webp 240w, http:\/\/www.encontrosabm.com.br\/2025\/wp-content\/uploads\/2025\/05\/mldura-2222222222-819x1024.webp 819w, http:\/\/www.encontrosabm.com.br\/2025\/wp-content\/uploads\/2025\/05\/mldura-2222222222-768x960.webp 768w, http:\/\/www.encontrosabm.com.br\/2025\/wp-content\/uploads\/2025\/05\/mldura-2222222222.webp 1080w\" sizes=\"(max-width: 240px) 100vw, 240px\" \/>\t\t\t\t\t\t\t\t\t\t\t\t\t\t\t<\/div>\n\t\t\t\t<\/div>\n\t\t\t\t<div class=\"elementor-element elementor-element-b657cd1 elementor-widget elementor-widget-heading\" data-id=\"b657cd1\" data-element_type=\"widget\" data-e-type=\"widget\" data-widget_type=\"heading.default\">\n\t\t\t\t<div class=\"elementor-widget-container\">\n\t\t\t\t\t<h2 class=\"elementor-heading-title elementor-size-default\">MIGUEL ANGEL MARZAL <\/h2>\t\t\t\t<\/div>\n\t\t\t\t<\/div>\n\t\t\t\t<\/div>\n\t\t<div class=\"elementor-element elementor-element-63b495b e-con-full e-flex e-con e-child\" data-id=\"63b495b\" data-element_type=\"container\" data-e-type=\"container\">\n\t\t\t\t<div class=\"elementor-element elementor-element-fafc0bb elementor-widget elementor-widget-image\" data-id=\"fafc0bb\" data-element_type=\"widget\" data-e-type=\"widget\" data-widget_type=\"image.default\">\n\t\t\t\t<div class=\"elementor-widget-container\">\n\t\t\t\t\t\t\t\t\t\t\t\t\t\t\t<img loading=\"lazy\" decoding=\"async\" width=\"240\" height=\"300\" src=\"http:\/\/www.encontrosabm.com.br\/2025\/wp-content\/uploads\/2025\/05\/Edurdo-mldura-22222-240x300.webp\" class=\"attachment-medium size-medium wp-image-1963\" alt=\"\" srcset=\"http:\/\/www.encontrosabm.com.br\/2025\/wp-content\/uploads\/2025\/05\/Edurdo-mldura-22222-240x300.webp 240w, http:\/\/www.encontrosabm.com.br\/2025\/wp-content\/uploads\/2025\/05\/Edurdo-mldura-22222-819x1024.webp 819w, http:\/\/www.encontrosabm.com.br\/2025\/wp-content\/uploads\/2025\/05\/Edurdo-mldura-22222-768x960.webp 768w, http:\/\/www.encontrosabm.com.br\/2025\/wp-content\/uploads\/2025\/05\/Edurdo-mldura-22222.webp 1080w\" sizes=\"(max-width: 240px) 100vw, 240px\" \/>\t\t\t\t\t\t\t\t\t\t\t\t\t\t\t<\/div>\n\t\t\t\t<\/div>\n\t\t\t\t<div class=\"elementor-element elementor-element-a8343c6 elementor-widget elementor-widget-heading\" data-id=\"a8343c6\" data-element_type=\"widget\" data-e-type=\"widget\" data-widget_type=\"heading.default\">\n\t\t\t\t<div class=\"elementor-widget-container\">\n\t\t\t\t\t<h2 class=\"elementor-heading-title elementor-size-default\">EDUARDO JUAREZ VALERO<\/h2>\t\t\t\t<\/div>\n\t\t\t\t<\/div>\n\t\t\t\t<\/div>\n\t\t\t\t\t<\/div>\n\t\t\t\t<\/div>\n\t\t<div class=\"elementor-element elementor-element-ab98345 e-flex e-con-boxed e-con e-parent\" data-id=\"ab98345\" data-element_type=\"container\" data-e-type=\"container\" data-settings=\"{&quot;background_background&quot;:&quot;classic&quot;}\">\n\t\t\t\t\t<div class=\"e-con-inner\">\n\t\t\t\t<div class=\"elementor-element elementor-element-a54780f elementor-widget-mobile_extra__width-initial elementor-widget elementor-widget-text-editor\" data-id=\"a54780f\" data-element_type=\"widget\" data-e-type=\"widget\" data-widget_type=\"text-editor.default\">\n\t\t\t\t<div class=\"elementor-widget-container\">\n\t\t\t\t\t\t\t\t\t<p><em><strong>O ABM, que se realizou pela primeira vez em 2011 em Salvador, consolidou-se como um f\u00f3rum de excel\u00eancia para a apresenta\u00e7\u00e3o e discuss\u00e3o de estudos sobre a interdisciplinaridade entre a Ci\u00eancia da Informa\u00e7\u00e3o e a Museologia, reunindo especialistas do Brasil, Portugal e outros pa\u00edses.<\/strong><\/em><\/p><p><em><strong>A sua origem remonta ao p\u00f3s-doutoramento da Professora Titular Dra. Zeny Duarte de Miranda (UFBA), com apoio da FCT (Portugal), CAPES e FAPESB (Brasil), em colabora\u00e7\u00e3o com os Professores Catedr\u00e1ticos Dr. Armando Malheiro da Silva e Dra. Fernanda Ribeiro da Universidade do Porto.<\/strong><\/em><\/p><p><em><strong>Motivado pelo Ano de Portugal no Brasil (2011), o ABM nasceu com o prop\u00f3sito de fortalecer o interc\u00e2mbio entre profissionais lus\u00f3fonos das \u00e1reas de arquivos, bibliotecas e museus.<\/strong><\/em><\/p><p><em><strong>Em 2022, o II ABM, realizado na cidade do Porto, celebrou o bicenten\u00e1rio da Independ\u00eancia do Brasil e o centen\u00e1rio da travessia a\u00e9rea do Atl\u00e2ntico Sul, reunindo participantes do Brasil, Chile, Cuba, Espanha, Portugal e Uruguai, sob o tema &#8220;Arquivos, Bibliotecas e Museus: do sincretismo \u00e0 integra\u00e7\u00e3o&#8221;. Este evento resultou na publica\u00e7\u00e3o de tr\u00eas livros e numa edi\u00e7\u00e3o especial da revista Fontes Documentais.<\/strong><\/em><\/p>\t\t\t\t\t\t\t\t<\/div>\n\t\t\t\t<\/div>\n\t\t\t\t\t<\/div>\n\t\t\t\t<\/div>\n\t\t<div class=\"elementor-element elementor-element-1ec9822 e-flex e-con-boxed e-con e-parent\" data-id=\"1ec9822\" data-element_type=\"container\" data-e-type=\"container\">\n\t\t\t\t\t<div class=\"e-con-inner\">\n\t\t\t\t<div class=\"elementor-element elementor-element-932f37c elementor-widget-mobile_extra__width-initial elementor-widget elementor-widget-text-editor\" data-id=\"932f37c\" data-element_type=\"widget\" data-e-type=\"widget\" data-widget_type=\"text-editor.default\">\n\t\t\t\t<div class=\"elementor-widget-container\">\n\t\t\t\t\t\t\t\t\t<p><strong>Agora, o ABM regressa a Salvador com o tema &#8220;Empreendedorismo e Solu\u00e7\u00f5es de Futuro&#8221;, propondo refor\u00e7ar o interc\u00e2mbio acad\u00e9mico, cient\u00edfico, tecnol\u00f3gico e de inova\u00e7\u00e3o entre institui\u00e7\u00f5es de ensino superior, grupos de investiga\u00e7\u00e3o e centros culturais, com destaque para realidades de pa\u00edses lus\u00f3fonos e ibero-americanos.<\/strong><\/p><p><strong>Al\u00e9m da parceria com a Universidade do Porto, esta edi\u00e7\u00e3o celebra a formaliza\u00e7\u00e3o do conv\u00e9nio com a Universidad Carlos III de Madrid, ampliando a rede de coopera\u00e7\u00e3o internacional.<\/strong><\/p><p><strong>O III ABM promove a internacionaliza\u00e7\u00e3o da produ\u00e7\u00e3o cient\u00edfica, o avan\u00e7o das Humanidades e a liga\u00e7\u00e3o entre o conhecimento acad\u00e9mico e as demandas da sociedade, numa perspectiva de cidadania cr\u00edtica e participativa, incentivando tamb\u00e9m a populariza\u00e7\u00e3o da ci\u00eancia.<\/strong><\/p><p><strong>O evento visa fortalecer o uso social da informa\u00e7\u00e3o, da mem\u00f3ria e do patrim\u00f3nio cultural, aproximando ci\u00eancia e cultura do quotidiano, e ampliando o impacto das Humanidades na transforma\u00e7\u00e3o social.<\/strong><\/p><p><strong>Com a participa\u00e7\u00e3o de representantes de institui\u00e7\u00f5es do Brasil, Portugal, Espanha, Su\u00ed\u00e7a, Peru, Chile, Cuba, M\u00e9xico, entre outros, o ABM consolida-se como espa\u00e7o de reflex\u00e3o sobre os desafios contempor\u00e2neos da forma\u00e7\u00e3o acad\u00e9mica, da atua\u00e7\u00e3o profissional e da preserva\u00e7\u00e3o do patrim\u00f3nio.<\/strong><\/p><p><strong>Alinhado com os objetivos da multidisciplinaridade, da ci\u00eancia aberta e da internacionaliza\u00e7\u00e3o, o III ABM promove a excel\u00eancia acad\u00e9mica e fomenta redes de colabora\u00e7\u00e3o duradouras.<\/strong><\/p><p><strong>A realiza\u00e7\u00e3o do evento conta com o apoio dos grupos de pesquisa G-ACERVOS, LAPCI, LTI, GREC e CITCEM, e das institui\u00e7\u00f5es UFBA, U.PORTO, UC3M, CAPES, CNPq e FCT.<\/strong><\/p>\t\t\t\t\t\t\t\t<\/div>\n\t\t\t\t<\/div>\n\t\t\t\t\t<\/div>\n\t\t\t\t<\/div>\n\t\t\t\t<\/div>\n\t\t","protected":false},"excerpt":{"rendered":"<p>Patrona: Professora de Not\u00f3rio Saber Maria Jos\u00e9 Rabello de Freitas Realiza-se nos dias 9, 10 e 11 de setembro de 2025, em Salvador, Bahia, o III Encontro Internacional de Arquivos, Bibliotecas e Museus (ABM), que convida \u00e0 participa\u00e7\u00e3o e submiss\u00e3o de trabalhos, com publica\u00e7\u00e3o das palestras apresentadas em revista cient\u00edfica e em livro. O evento [&hellip;]<\/p>\n","protected":false},"author":3,"featured_media":0,"parent":0,"menu_order":0,"comment_status":"closed","ping_status":"closed","template":"elementor_theme","meta":{"footnotes":""},"class_list":["post-31","page","type-page","status-publish","hentry"],"_links":{"self":[{"href":"https:\/\/www.encontrosabm.com.br\/2025\/wp-json\/wp\/v2\/pages\/31","targetHints":{"allow":["GET"]}}],"collection":[{"href":"https:\/\/www.encontrosabm.com.br\/2025\/wp-json\/wp\/v2\/pages"}],"about":[{"href":"https:\/\/www.encontrosabm.com.br\/2025\/wp-json\/wp\/v2\/types\/page"}],"author":[{"embeddable":true,"href":"https:\/\/www.encontrosabm.com.br\/2025\/wp-json\/wp\/v2\/users\/3"}],"replies":[{"embeddable":true,"href":"https:\/\/www.encontrosabm.com.br\/2025\/wp-json\/wp\/v2\/comments?post=31"}],"version-history":[{"count":673,"href":"https:\/\/www.encontrosabm.com.br\/2025\/wp-json\/wp\/v2\/pages\/31\/revisions"}],"predecessor-version":[{"id":3310,"href":"https:\/\/www.encontrosabm.com.br\/2025\/wp-json\/wp\/v2\/pages\/31\/revisions\/3310"}],"wp:attachment":[{"href":"https:\/\/www.encontrosabm.com.br\/2025\/wp-json\/wp\/v2\/media?parent=31"}],"curies":[{"name":"wp","href":"https:\/\/api.w.org\/{rel}","templated":true}]}}