{"id":519,"date":"2025-05-09T07:09:03","date_gmt":"2025-05-09T10:09:03","guid":{"rendered":"https:\/\/www.encontrosabm.com.br\/2025\/?page_id=519"},"modified":"2025-07-05T13:36:16","modified_gmt":"2025-07-05T16:36:16","slug":"paineis-tematicos","status":"publish","type":"page","link":"https:\/\/www.encontrosabm.com.br\/2025\/paineis-tematicos\/","title":{"rendered":"Pain\u00e9is Tem\u00e1ticos"},"content":{"rendered":"\t\t<div data-elementor-type=\"wp-page\" data-elementor-id=\"519\" class=\"elementor elementor-519\" data-elementor-post-type=\"page\">\n\t\t\t\t<div class=\"elementor-element elementor-element-433499a e-flex e-con-boxed e-con e-parent\" data-id=\"433499a\" data-element_type=\"container\" data-e-type=\"container\">\n\t\t\t\t\t<div class=\"e-con-inner\">\n\t\t\t\t<div class=\"elementor-element elementor-element-d4dc4a6 elementor-widget elementor-widget-heading\" data-id=\"d4dc4a6\" data-element_type=\"widget\" data-e-type=\"widget\" data-widget_type=\"heading.default\">\n\t\t\t\t<div class=\"elementor-widget-container\">\n\t\t\t\t\t<h2 class=\"elementor-heading-title elementor-size-default\">OVERVIEW TEM\u00c1TICO DO III ABM 2025<\/h2>\t\t\t\t<\/div>\n\t\t\t\t<\/div>\n\t\t\t\t\t<\/div>\n\t\t\t\t<\/div>\n\t\t<div class=\"elementor-element elementor-element-be3f501 e-flex e-con-boxed e-con e-parent\" data-id=\"be3f501\" data-element_type=\"container\" data-e-type=\"container\">\n\t\t\t\t\t<div class=\"e-con-inner\">\n\t\t\t\t<div class=\"elementor-element elementor-element-ce31045 elementor-widget elementor-widget-heading\" data-id=\"ce31045\" data-element_type=\"widget\" data-e-type=\"widget\" data-widget_type=\"heading.default\">\n\t\t\t\t<div class=\"elementor-widget-container\">\n\t\t\t\t\t<h2 class=\"elementor-heading-title elementor-size-default\">Painel Tem\u00e1tico I - INOVA\u00c7\u00c3O E SUSTENTABILIDADE<\/h2>\t\t\t\t<\/div>\n\t\t\t\t<\/div>\n\t\t\t\t<div class=\"elementor-element elementor-element-02ce56b elementor-widget elementor-widget-text-editor\" data-id=\"02ce56b\" data-element_type=\"widget\" data-e-type=\"widget\" data-widget_type=\"text-editor.default\">\n\t\t\t\t<div class=\"elementor-widget-container\">\n\t\t\t\t\t\t\t\t\t<p>Este painel tem\u00e1tico visa trazer reflex\u00f5es sobre como as inova\u00e7\u00f5es tecnol\u00f3gicas e as pr\u00e1ticas sustent\u00e1veis est\u00e4o transformando o setor de arquivos, bibliotecas e museus. Explora como o empreendedorismo pode ser uma ferramenta para revitalizar\/modernizar essas institui\u00e7\u00f5es, promovendo a preserva\u00e7\u00e3o digital, acessibilidade e modelos de neg\u00f3cios sustent\u00e1veis que envolvem o p\u00fablico e garantem a longevidade das opera\u00e7\u00f5es culturais. Ser\u00e3o discutidos tamb\u00e9m os desafios e oportunidades emergentes com a integra\u00e7\u00e3o de tecnologias avan\u00e7adas e pr\u00e1ticas ecol\u00f3gicas, enfatizando a import\u00e2ncia de um equil\u00edbrio entre inova\u00e7\u00e3o e responsabilidade ambiental.<\/p>\t\t\t\t\t\t\t\t<\/div>\n\t\t\t\t<\/div>\n\t\t\t\t\t<\/div>\n\t\t\t\t<\/div>\n\t\t<div class=\"elementor-element elementor-element-fc8e037 e-flex e-con-boxed e-con e-parent\" data-id=\"fc8e037\" data-element_type=\"container\" data-e-type=\"container\">\n\t\t\t\t\t<div class=\"e-con-inner\">\n\t\t\t\t<div class=\"elementor-element elementor-element-a6a7e4d elementor-widget elementor-widget-heading\" data-id=\"a6a7e4d\" data-element_type=\"widget\" data-e-type=\"widget\" data-widget_type=\"heading.default\">\n\t\t\t\t<div class=\"elementor-widget-container\">\n\t\t\t\t\t<h2 class=\"elementor-heading-title elementor-size-default\">Painel Tem\u00e1tico II - EMPREENDEDORISMO SOCIAL E A DEMOCRATIZA\u00c7\u00c3O DO ACESSO \u00c0 INFORMA\u00c7\u00c3O<\/h2>\t\t\t\t<\/div>\n\t\t\t\t<\/div>\n\t\t\t\t<div class=\"elementor-element elementor-element-a71999f elementor-widget elementor-widget-text-editor\" data-id=\"a71999f\" data-element_type=\"widget\" data-e-type=\"widget\" data-widget_type=\"text-editor.default\">\n\t\t\t\t<div class=\"elementor-widget-container\">\n\t\t\t\t\t\t\t\t\t<p>Focado no papel dos arquivos, bibliotecas e museus como ve\u00edculos de inclus\u00e4o social, este painel destaca iniciativas empreendedoras que visam democratizar o acesso \u00e0 informa\u00e7\u00e3o. 0 empreendedorismo social nesse contexto busca criar modelos que ofere\u00e7am servi\u00e7os de valor \u00e0s comunidades pouco representadas, promovendo a diversidade cultural e a preserva\u00e7\u00e4o da mem\u00f3ria social e coletiva. A discuss\u00e4o incluir\u00e1 exemplos de projetos que t\u00eam obtido sucesso em envolver p\u00fablicos diversos e a import\u00e2ncia de estrat\u00e9gias colaborativas para alcan\u00e7ar uma sociedade mais informada e equitativa.<\/p>\t\t\t\t\t\t\t\t<\/div>\n\t\t\t\t<\/div>\n\t\t\t\t\t<\/div>\n\t\t\t\t<\/div>\n\t\t<div class=\"elementor-element elementor-element-0005055 e-flex e-con-boxed e-con e-parent\" data-id=\"0005055\" data-element_type=\"container\" data-e-type=\"container\">\n\t\t\t\t\t<div class=\"e-con-inner\">\n\t\t\t\t<div class=\"elementor-element elementor-element-b294a57 elementor-widget elementor-widget-heading\" data-id=\"b294a57\" data-element_type=\"widget\" data-e-type=\"widget\" data-widget_type=\"heading.default\">\n\t\t\t\t<div class=\"elementor-widget-container\">\n\t\t\t\t\t<h2 class=\"elementor-heading-title elementor-size-default\">Painel Tem\u00e1tico III - MODELOS DE NEG\u00d3CIO E NOVAS FONTES DE RECEITA <\/h2>\t\t\t\t<\/div>\n\t\t\t\t<\/div>\n\t\t\t\t<div class=\"elementor-element elementor-element-2cf6513 elementor-widget elementor-widget-text-editor\" data-id=\"2cf6513\" data-element_type=\"widget\" data-e-type=\"widget\" data-widget_type=\"text-editor.default\">\n\t\t\t\t<div class=\"elementor-widget-container\">\n\t\t\t\t\t\t\t\t\t<p>Explora como arquivos, bibliotecas e museus podem diversificar suas fontes de renda atrav\u00e9s de novas estrat\u00e9gias de monetiza\u00e7\u00e3o. Este painel inclui discuss\u00f5es sobre capta\u00e7\u00e3o de recursos, estudos de casos de institui\u00e7\u00f5es que implementaram iniciativas de neg\u00f3cios criativos, como servi\u00e7os digitais, consultorias especializadas e eventos t\u00e9cnico-cient\u00edfico-culturais, gerando receita enquanto cumprem suas miss\u00f5es culturais e educacionais. Ser\u00e3o abordadas tamb\u00e9m as melhores pr\u00e1ticas para a cria\u00e7\u00e3o de parcerias estrat\u00e9gicas e o impacto das novas fontes de receita na sustentabilidade a longo prazo das institui\u00e7\u00f5es culturais.<\/p>\t\t\t\t\t\t\t\t<\/div>\n\t\t\t\t<\/div>\n\t\t\t\t\t<\/div>\n\t\t\t\t<\/div>\n\t\t<div class=\"elementor-element elementor-element-d1fb676 e-flex e-con-boxed e-con e-parent\" data-id=\"d1fb676\" data-element_type=\"container\" data-e-type=\"container\">\n\t\t\t\t\t<div class=\"e-con-inner\">\n\t\t\t\t<div class=\"elementor-element elementor-element-8adca2c elementor-widget elementor-widget-heading\" data-id=\"8adca2c\" data-element_type=\"widget\" data-e-type=\"widget\" data-widget_type=\"heading.default\">\n\t\t\t\t<div class=\"elementor-widget-container\">\n\t\t\t\t\t<h2 class=\"elementor-heading-title elementor-size-default\">Painel Tem\u00e1tico IV - INTELIG\u00caNCIA ARTIFICIAL: INOVA\u00c7\u00c3O E OPORTUNIDADES PARA UNIDADES DE INFORMA\u00c7\u00c3O NO PRESENTE E FUTURO DIGITAL<\/h2>\t\t\t\t<\/div>\n\t\t\t\t<\/div>\n\t\t\t\t<div class=\"elementor-element elementor-element-aa05ffe elementor-widget elementor-widget-text-editor\" data-id=\"aa05ffe\" data-element_type=\"widget\" data-e-type=\"widget\" data-widget_type=\"text-editor.default\">\n\t\t\t\t<div class=\"elementor-widget-container\">\n\t\t\t\t\t\t\t\t\t<p>Este painel explora o impacto da intelig\u00eancia artificial em arquivos, bibliotecas e museus, destacando a acessibilidade, a gest\u00e3o da informa\u00e7\u00e3o e a experi\u00eancia dos usu\u00e1rios. Tecnologias emergentes, como automa\u00e7\u00e3o de processos e assistentes virtuais, ser\u00e3o analisadas, evidenciando tanto os benef\u00edcios quanto os desafios e observando a poss\u00edvel exclus\u00e3o digital, a despersonaliza\u00e7\u00e3o da intera\u00e7\u00e3o com o p\u00fablico e a democratiza\u00e7\u00e3o do acesso ao conhecimento. O painel tamb\u00e9m discutir\u00e1 oportunidades de empreendedorismo no setor cultural, abordando novos modelos de neg\u00f3cios e suas adapta\u00e7\u00f5es \u00e0s demandas de um mundo cada vez mais digital.<\/p>\t\t\t\t\t\t\t\t<\/div>\n\t\t\t\t<\/div>\n\t\t\t\t\t<\/div>\n\t\t\t\t<\/div>\n\t\t<div class=\"elementor-element elementor-element-60eff13 e-flex e-con-boxed e-con e-parent\" data-id=\"60eff13\" data-element_type=\"container\" data-e-type=\"container\">\n\t\t\t\t\t<div class=\"e-con-inner\">\n\t\t\t\t<div class=\"elementor-element elementor-element-6f0c110 elementor-widget elementor-widget-heading\" data-id=\"6f0c110\" data-element_type=\"widget\" data-e-type=\"widget\" data-widget_type=\"heading.default\">\n\t\t\t\t<div class=\"elementor-widget-container\">\n\t\t\t\t\t<h2 class=\"elementor-heading-title elementor-size-default\">FOCUS SESSION<\/h2>\t\t\t\t<\/div>\n\t\t\t\t<\/div>\n\t\t\t\t<div class=\"elementor-element elementor-element-d5f0201 elementor-widget elementor-widget-heading\" data-id=\"d5f0201\" data-element_type=\"widget\" data-e-type=\"widget\" data-widget_type=\"heading.default\">\n\t\t\t\t<div class=\"elementor-widget-container\">\n\t\t\t\t\t<h2 class=\"elementor-heading-title elementor-size-default\">Exclusiva para apresenta\u00e7\u00e3o de palestras de convidados conforme programa\u00e7\u00e3o do III ABM (n\u00e3o aberta \u00e0 submiss\u00e3o de comunica\u00e7\u00f5es)<\/h2>\t\t\t\t<\/div>\n\t\t\t\t<\/div>\n\t\t\t\t\t<\/div>\n\t\t\t\t<\/div>\n\t\t<div class=\"elementor-element elementor-element-6cc7294 e-flex e-con-boxed e-con e-parent\" data-id=\"6cc7294\" data-element_type=\"container\" data-e-type=\"container\">\n\t\t\t\t\t<div class=\"e-con-inner\">\n\t\t<div class=\"elementor-element elementor-element-aae4e56 e-con-full e-flex e-con e-child\" data-id=\"aae4e56\" data-element_type=\"container\" data-e-type=\"container\">\n\t\t\t\t<div class=\"elementor-element elementor-element-fe6b207 elementor-widget elementor-widget-heading\" data-id=\"fe6b207\" data-element_type=\"widget\" data-e-type=\"widget\" data-widget_type=\"heading.default\">\n\t\t\t\t<div class=\"elementor-widget-container\">\n\t\t\t\t\t<h2 class=\"elementor-heading-title elementor-size-default\">tem\u00e1ticas paralelas<\/h2>\t\t\t\t<\/div>\n\t\t\t\t<\/div>\n\t\t\t\t<div class=\"elementor-element elementor-element-7b6ba45 elementor-widget elementor-widget-heading\" data-id=\"7b6ba45\" data-element_type=\"widget\" data-e-type=\"widget\" data-widget_type=\"heading.default\">\n\t\t\t\t<div class=\"elementor-widget-container\">\n\t\t\t\t\t<h2 class=\"elementor-heading-title elementor-size-default\">GOVERNAN\u00c7A E POL\u00cdTICAS P\u00daBLICAS PARA UNIDADES DE INFORMA\u00c7\u00c3O E CULTURA <\/h2>\t\t\t\t<\/div>\n\t\t\t\t<\/div>\n\t\t\t\t<div class=\"elementor-element elementor-element-8ecc5a1 elementor-widget elementor-widget-text-editor\" data-id=\"8ecc5a1\" data-element_type=\"widget\" data-e-type=\"widget\" data-widget_type=\"text-editor.default\">\n\t\t\t\t<div class=\"elementor-widget-container\">\n\t\t\t\t\t\t\t\t\t<p>\u00a0Analisar como a governan\u00e7a eficiente pode otimizar a implementa\u00e7\u00e3o de pol\u00edticas p\u00fablicas, promovendo a sustentabilidade e a relev\u00e2ncia das unidades de informa\u00e7\u00e3o e culturais no contexto contempor\u00e2neo.<\/p>\t\t\t\t\t\t\t\t<\/div>\n\t\t\t\t<\/div>\n\t\t\t\t<\/div>\n\t\t\t\t\t<\/div>\n\t\t\t\t<\/div>\n\t\t<div class=\"elementor-element elementor-element-643793f e-flex e-con-boxed e-con e-parent\" data-id=\"643793f\" data-element_type=\"container\" data-e-type=\"container\">\n\t\t\t\t\t<div class=\"e-con-inner\">\n\t\t<div class=\"elementor-element elementor-element-23fe264 e-con-full e-flex e-con e-child\" data-id=\"23fe264\" data-element_type=\"container\" data-e-type=\"container\">\n\t\t\t\t<div class=\"elementor-element elementor-element-0c02294 elementor-widget elementor-widget-heading\" data-id=\"0c02294\" data-element_type=\"widget\" data-e-type=\"widget\" data-widget_type=\"heading.default\">\n\t\t\t\t<div class=\"elementor-widget-container\">\n\t\t\t\t\t<h2 class=\"elementor-heading-title elementor-size-default\">TEIAS DA MEM\u00d3RIA: ARQUIVOS, BIBLIOTECAS E MUSEUS NO BRASIL E EM PERSPECTIVA GLOBAL<\/h2>\t\t\t\t<\/div>\n\t\t\t\t<\/div>\n\t\t\t\t<div class=\"elementor-element elementor-element-a63cab1 elementor-widget elementor-widget-text-editor\" data-id=\"a63cab1\" data-element_type=\"widget\" data-e-type=\"widget\" data-widget_type=\"text-editor.default\">\n\t\t\t\t<div class=\"elementor-widget-container\">\n\t\t\t\t\t\t\t\t\t<p>Espa\u00e7o de debates a explorar a interconex\u00e3o entre arquivos, bibliotecas e museus, destacando seu papel fundamental na preserva\u00e7\u00e3o da mem\u00f3ria cultural e hist\u00f3rica, tanto no Brasil quanto em outros pa\u00edses. Atrav\u00e9s de uma an\u00e1lise comparativa, interessa discutir como essas institui\u00e7\u00f5es guardam e promovem o patrim\u00f4nio, contribuindo para a forma\u00e7\u00e3o da identidade coletiva. O estudo tamb\u00e9m aborda os desafios enfrentados por essas entidades na era digital e as estrat\u00e9gias inovadoras adotadas para engajar comunidades e democratizar o acesso \u00e0 informa\u00e7\u00e3o. Ao enfatizar as pr\u00e1ticas e experi\u00eancias diversificadas, buscamos iluminar o valor dessas institui\u00e7\u00f5es como guardi\u00e3s da mem\u00f3ria e como espa\u00e7os de constru\u00e7\u00e3o de conhecimento e cidadania.<\/p>\t\t\t\t\t\t\t\t<\/div>\n\t\t\t\t<\/div>\n\t\t\t\t<\/div>\n\t\t\t\t\t<\/div>\n\t\t\t\t<\/div>\n\t\t<div class=\"elementor-element elementor-element-c3df553 e-flex e-con-boxed e-con e-parent\" data-id=\"c3df553\" data-element_type=\"container\" data-e-type=\"container\">\n\t\t\t\t\t<div class=\"e-con-inner\">\n\t\t<div class=\"elementor-element elementor-element-91a0ff0 e-con-full e-flex e-con e-child\" data-id=\"91a0ff0\" data-element_type=\"container\" data-e-type=\"container\">\n\t\t\t\t<div class=\"elementor-element elementor-element-48a7aa3 elementor-widget elementor-widget-heading\" data-id=\"48a7aa3\" data-element_type=\"widget\" data-e-type=\"widget\" data-widget_type=\"heading.default\">\n\t\t\t\t<div class=\"elementor-widget-container\">\n\t\t\t\t\t<h2 class=\"elementor-heading-title elementor-size-default\">WORKSHOP - SINERGIAS DA CULTURA: A INTERCONEX\u00c3O ENTRE ARQUIVOS, BIBLIOTECAS E MUSEUS <\/h2>\t\t\t\t<\/div>\n\t\t\t\t<\/div>\n\t\t\t\t<div class=\"elementor-element elementor-element-9bb8ba8 elementor-widget elementor-widget-text-editor\" data-id=\"9bb8ba8\" data-element_type=\"widget\" data-e-type=\"widget\" data-widget_type=\"text-editor.default\">\n\t\t\t\t<div class=\"elementor-widget-container\">\n\t\t\t\t\t\t\t\t\t<p>Ser\u00e3o apresentados exemplos de projetos colaborativos bem-sucedidos, evidenciando como a uni\u00e3o de esfor\u00e7os pode otimizar recursos, promover a inclus\u00e3o e criar uma rede robusta de saberes. Abordagens sobre as perspectivas futuras para essa sinergia cultural, destacando o papel essencial que essas institui\u00e7\u00f5es desempenham na constru\u00e7\u00e3o de uma sociedade mais informada e engajada. A interconex\u00e3o entre arquivos, bibliotecas e museus como uma estrat\u00e9gia vital para a preserva\u00e7\u00e3o e promo\u00e7\u00e3o do patrim\u00f4nio cultural.<\/p>\t\t\t\t\t\t\t\t<\/div>\n\t\t\t\t<\/div>\n\t\t\t\t<\/div>\n\t\t\t\t\t<\/div>\n\t\t\t\t<\/div>\n\t\t<div class=\"elementor-element elementor-element-36fea3d e-flex e-con-boxed e-con e-parent\" data-id=\"36fea3d\" data-element_type=\"container\" data-e-type=\"container\">\n\t\t\t\t\t<div class=\"e-con-inner\">\n\t\t<div class=\"elementor-element elementor-element-0a83906 e-con-full e-flex e-con e-child\" data-id=\"0a83906\" data-element_type=\"container\" data-e-type=\"container\">\n\t\t\t\t<div class=\"elementor-element elementor-element-32abaf8 elementor-widget elementor-widget-heading\" data-id=\"32abaf8\" data-element_type=\"widget\" data-e-type=\"widget\" data-widget_type=\"heading.default\">\n\t\t\t\t<div class=\"elementor-widget-container\">\n\t\t\t\t\t<h2 class=\"elementor-heading-title elementor-size-default\">PAINEL DE ENCERRAMENTO<\/h2>\t\t\t\t<\/div>\n\t\t\t\t<\/div>\n\t\t\t\t<div class=\"elementor-element elementor-element-7f1c488 elementor-widget elementor-widget-heading\" data-id=\"7f1c488\" data-element_type=\"widget\" data-e-type=\"widget\" data-widget_type=\"heading.default\">\n\t\t\t\t<div class=\"elementor-widget-container\">\n\t\t\t\t\t<h2 class=\"elementor-heading-title elementor-size-default\">POPCI\u00caNCIA E INSTITUI\u00c7\u00d5ES CULTURAIS: ARQUIVOS,\nBIBLIOTECAS E MUSEUS - AGENTES DE\nTRANSFORMA\u00c7\u00c3O SOCIAL<\/h2>\t\t\t\t<\/div>\n\t\t\t\t<\/div>\n\t\t\t\t<div class=\"elementor-element elementor-element-ef35a54 elementor-widget elementor-widget-text-editor\" data-id=\"ef35a54\" data-element_type=\"widget\" data-e-type=\"widget\" data-widget_type=\"text-editor.default\">\n\t\t\t\t<div class=\"elementor-widget-container\">\n\t\t\t\t\t\t\t\t\t<p>Promover um di\u00e1logo entre pesquisadores, professores e gestores de arquivos, bibliotecas e museus sobre a pr\u00e1tica da PopCi\u00eancia, visando ampliar o acesso, a dissemina\u00e7\u00e3o e a compreens\u00e3o do conhecimento cient\u00edfico pelo p\u00fablico em geral, fortalecendo a intera\u00e7\u00e3o entre ci\u00eancia e sociedade.<\/p>\t\t\t\t\t\t\t\t<\/div>\n\t\t\t\t<\/div>\n\t\t\t\t<\/div>\n\t\t\t\t\t<\/div>\n\t\t\t\t<\/div>\n\t\t\t\t<\/div>\n\t\t","protected":false},"excerpt":{"rendered":"<p>OVERVIEW TEM\u00c1TICO DO III ABM 2025 Painel Tem\u00e1tico I &#8211; INOVA\u00c7\u00c3O E SUSTENTABILIDADE Este painel tem\u00e1tico visa trazer reflex\u00f5es sobre como as inova\u00e7\u00f5es tecnol\u00f3gicas e as pr\u00e1ticas sustent\u00e1veis est\u00e4o transformando o setor de arquivos, bibliotecas e museus. Explora como o empreendedorismo pode ser uma ferramenta para revitalizar\/modernizar essas institui\u00e7\u00f5es, promovendo a preserva\u00e7\u00e3o digital, acessibilidade e [&hellip;]<\/p>\n","protected":false},"author":3,"featured_media":0,"parent":0,"menu_order":0,"comment_status":"closed","ping_status":"closed","template":"","meta":{"footnotes":""},"class_list":["post-519","page","type-page","status-publish","hentry"],"_links":{"self":[{"href":"https:\/\/www.encontrosabm.com.br\/2025\/wp-json\/wp\/v2\/pages\/519","targetHints":{"allow":["GET"]}}],"collection":[{"href":"https:\/\/www.encontrosabm.com.br\/2025\/wp-json\/wp\/v2\/pages"}],"about":[{"href":"https:\/\/www.encontrosabm.com.br\/2025\/wp-json\/wp\/v2\/types\/page"}],"author":[{"embeddable":true,"href":"https:\/\/www.encontrosabm.com.br\/2025\/wp-json\/wp\/v2\/users\/3"}],"replies":[{"embeddable":true,"href":"https:\/\/www.encontrosabm.com.br\/2025\/wp-json\/wp\/v2\/comments?post=519"}],"version-history":[{"count":181,"href":"https:\/\/www.encontrosabm.com.br\/2025\/wp-json\/wp\/v2\/pages\/519\/revisions"}],"predecessor-version":[{"id":2418,"href":"https:\/\/www.encontrosabm.com.br\/2025\/wp-json\/wp\/v2\/pages\/519\/revisions\/2418"}],"wp:attachment":[{"href":"https:\/\/www.encontrosabm.com.br\/2025\/wp-json\/wp\/v2\/media?parent=519"}],"curies":[{"name":"wp","href":"https:\/\/api.w.org\/{rel}","templated":true}]}}